{"id":2610,"date":"2001-07-25T00:00:00","date_gmt":"2001-07-25T00:00:00","guid":{"rendered":"https:\/\/miners.rocks\/product\/super-calcit-stufe\/"},"modified":"2020-05-19T17:00:03","modified_gmt":"2020-05-19T17:00:03","slug":"super-niveau-de-calcite","status":"publish","type":"product","link":"https:\/\/westgem.shop\/fr\/produit\/super-niveau-de-calcite\/","title":{"rendered":"Super CALCIT Niveau"},"content":{"rendered":"<p>La derni\u00e8re grande \u00e9tape CALCIT de la d\u00e9couverte exceptionnelle de 1999.<\/p>\n<p>Tr\u00e8s imposants CRISTAUX D'OEUFS CALCAIRES de couleur ambre sur ZONE ANTIMONITE.<\/p>\n<p>MINE DE XIONGHUANG - WUYU - GUANGXI - CHINE<\/p>\n<p><u>poids : 4,1 kilogrammes  <\/u> <\/p>\n<p>Dimensions : Niveau total : 24 x 20 x 12 cm xx \u00e0 13 cm<\/p>\n<p><u>SUPER PRIX DE L'ACHETEUR !.. la MAJORIT\u00c9 MOINS CHER !<\/u><\/p>","protected":false},"excerpt":{"rendered":"<p>Le dernier grand niveau de CALCITE de l'exceptionnelle d\u00e9couverte de 1999. Tr\u00e8s imposant CRISTAL DE CALCITE ambre sur ZONE ANTIMONITE. MINE DE XIONGHUANG - WUYU - GUANGXI - CHINE Poids : 4,1 kilogrammes Dimensions : Total : 24 x 20 x 12 cm xx \u00e0 13 cm SUPER PRIX DE COLLECTION !.. la moiti\u00e9 moins cher !<\/p>","protected":false},"featured_media":3864,"template":"","meta":{"_acf_changed":false},"region":[],"product_brand":[],"product_cat":[15],"product_tag":[],"class_list":{"0":"post-2610","1":"product","2":"type-product","3":"status-publish","4":"has-post-thumbnail","6":"product_cat-mineralien","8":"first","9":"outofstock","10":"sold-individually","11":"product-type-simple"},"acf":[],"_links":{"self":[{"href":"https:\/\/westgem.shop\/fr\/wp-json\/wp\/v2\/product\/2610","targetHints":{"allow":["GET"]}}],"collection":[{"href":"https:\/\/westgem.shop\/fr\/wp-json\/wp\/v2\/product"}],"about":[{"href":"https:\/\/westgem.shop\/fr\/wp-json\/wp\/v2\/types\/product"}],"wp:featuredmedia":[{"embeddable":true,"href":"https:\/\/westgem.shop\/fr\/wp-json\/wp\/v2\/media\/3864"}],"wp:attachment":[{"href":"https:\/\/westgem.shop\/fr\/wp-json\/wp\/v2\/media?parent=2610"}],"wp:term":[{"taxonomy":"region","embeddable":true,"href":"https:\/\/westgem.shop\/fr\/wp-json\/wp\/v2\/region?post=2610"},{"taxonomy":"product_brand","embeddable":true,"href":"https:\/\/westgem.shop\/fr\/wp-json\/wp\/v2\/product_brand?post=2610"},{"taxonomy":"product_cat","embeddable":true,"href":"https:\/\/westgem.shop\/fr\/wp-json\/wp\/v2\/product_cat?post=2610"},{"taxonomy":"product_tag","embeddable":true,"href":"https:\/\/westgem.shop\/fr\/wp-json\/wp\/v2\/product_tag?post=2610"}],"curies":[{"name":"wp","href":"https:\/\/api.w.org\/{rel}","templated":true}]}}