{"id":2611,"date":"2001-07-26T00:00:00","date_gmt":"2001-07-26T00:00:00","guid":{"rendered":"https:\/\/miners.rocks\/product\/moosachat-rohstein-2\/"},"modified":"2020-05-19T17:00:04","modified_gmt":"2020-05-19T17:00:04","slug":"pierre-brute-dagate-de-mousse-2","status":"publish","type":"product","link":"https:\/\/westgem.shop\/fr\/produit\/pierre-brute-dagate-de-mousse-2\/","title":{"rendered":"\"MOOSACHAT \" - pierre brute"},"content":{"rendered":"<p>\"MOOSACHAT\" pierre brute <\/p>\n<p>D'un point de vue min\u00e9ralogique, l'agate mousse n'est PAS une agate, mais une CHALCEDONE avec des inclusions de HORNBLENDE verte ou de CHLORITE ressemblant \u00e0 de la mousse.<\/p>\n<p>localisation de la trouvaille : DEKKAN TRAPP - ouest de l'INDE<\/p>\n<p>Poids : 1,9 kilogramme Dim : 16 x 12 x 10 cm<\/p>","protected":false},"excerpt":{"rendered":"<p>\"MOOSACHAT\" Pierre brute L'agate mousse n'est PAS une agate du point de vue min\u00e9ralogique mais une CHALCEDONE avec des inclusions de CORNE verte ou de CHLORITE ressemblant \u00e0 de la mousse Lieu de d\u00e9couverte : DEKKAN TRAPP - Ouest de l'INDE Poids : 1,9 kilogramme Dim : 16 x 12 x 10 cm<\/p>","protected":false},"featured_media":3870,"template":"","meta":{"_acf_changed":false},"region":[],"product_brand":[],"product_cat":[15],"product_tag":[],"class_list":{"0":"post-2611","1":"product","2":"type-product","3":"status-publish","4":"has-post-thumbnail","6":"product_cat-mineralien","8":"first","9":"outofstock","10":"sold-individually","11":"product-type-simple"},"acf":[],"_links":{"self":[{"href":"https:\/\/westgem.shop\/fr\/wp-json\/wp\/v2\/product\/2611","targetHints":{"allow":["GET"]}}],"collection":[{"href":"https:\/\/westgem.shop\/fr\/wp-json\/wp\/v2\/product"}],"about":[{"href":"https:\/\/westgem.shop\/fr\/wp-json\/wp\/v2\/types\/product"}],"wp:featuredmedia":[{"embeddable":true,"href":"https:\/\/westgem.shop\/fr\/wp-json\/wp\/v2\/media\/3870"}],"wp:attachment":[{"href":"https:\/\/westgem.shop\/fr\/wp-json\/wp\/v2\/media?parent=2611"}],"wp:term":[{"taxonomy":"region","embeddable":true,"href":"https:\/\/westgem.shop\/fr\/wp-json\/wp\/v2\/region?post=2611"},{"taxonomy":"product_brand","embeddable":true,"href":"https:\/\/westgem.shop\/fr\/wp-json\/wp\/v2\/product_brand?post=2611"},{"taxonomy":"product_cat","embeddable":true,"href":"https:\/\/westgem.shop\/fr\/wp-json\/wp\/v2\/product_cat?post=2611"},{"taxonomy":"product_tag","embeddable":true,"href":"https:\/\/westgem.shop\/fr\/wp-json\/wp\/v2\/product_tag?post=2611"}],"curies":[{"name":"wp","href":"https:\/\/api.w.org\/{rel}","templated":true}]}}