{"id":2612,"date":"2001-07-27T00:00:00","date_gmt":"2001-07-27T00:00:00","guid":{"rendered":"https:\/\/miners.rocks\/product\/madagaskar-rosenquarz-aa-3\/"},"modified":"2020-05-19T17:00:05","modified_gmt":"2020-05-19T17:00:05","slug":"quartz-rose-de-madagascar-aa-3","status":"publish","type":"product","link":"https:\/\/westgem.shop\/fr\/produit\/quartz-rose-de-madagascar-aa-3\/","title":{"rendered":"Madagascar QUARTZ ROSE AA"},"content":{"rendered":"<p>QUARTZ ROSE de Madagascar de premi\u00e8re qualit\u00e9 - ROH<\/p>\n<p>Translucide, cristallin - qualit\u00e9 cabochon<\/p>\n<p>La couleur sp\u00e9ciale du ROSENQUAZ de Madagascar est due \u00e0 la pr\u00e9sence de fines particules d'un min\u00e9ral similaire \u00e0 la DUMORTIERIT.<\/p>\n<p>Mine AMBOJABAO - ANTANANARIVO - MADAGSKAR<\/p>\n<p>poids :  <u>1,7 kilogramme<\/u>   Dimensions : 15 x 10 x 8 cm<\/p>","protected":false},"excerpt":{"rendered":"<p>QUARTZ ROSE de Madagascar de premi\u00e8re qualit\u00e9 - BRUT Translucide, cristallin - qualit\u00e9 cabochon La couleur sp\u00e9ciale du QUARTZ ROSE de Madagascar est due \u00e0 la pr\u00e9sence de fines particules d'un min\u00e9ral similaire \u00e0 la DUMORTIERITE. Mine d'AMBOJABAO - ANTANANARIVO - MADAGSKAR Poids : 1,7 kilogramme Dimensions : 15 x 10 x 8 cm<\/p>","protected":false},"featured_media":3874,"template":"","meta":{"_acf_changed":false},"region":[],"product_brand":[],"product_cat":[15],"product_tag":[],"class_list":{"0":"post-2612","1":"product","2":"type-product","3":"status-publish","4":"has-post-thumbnail","6":"product_cat-mineralien","8":"first","9":"outofstock","10":"sold-individually","11":"product-type-simple"},"acf":[],"_links":{"self":[{"href":"https:\/\/westgem.shop\/fr\/wp-json\/wp\/v2\/product\/2612","targetHints":{"allow":["GET"]}}],"collection":[{"href":"https:\/\/westgem.shop\/fr\/wp-json\/wp\/v2\/product"}],"about":[{"href":"https:\/\/westgem.shop\/fr\/wp-json\/wp\/v2\/types\/product"}],"wp:featuredmedia":[{"embeddable":true,"href":"https:\/\/westgem.shop\/fr\/wp-json\/wp\/v2\/media\/3874"}],"wp:attachment":[{"href":"https:\/\/westgem.shop\/fr\/wp-json\/wp\/v2\/media?parent=2612"}],"wp:term":[{"taxonomy":"region","embeddable":true,"href":"https:\/\/westgem.shop\/fr\/wp-json\/wp\/v2\/region?post=2612"},{"taxonomy":"product_brand","embeddable":true,"href":"https:\/\/westgem.shop\/fr\/wp-json\/wp\/v2\/product_brand?post=2612"},{"taxonomy":"product_cat","embeddable":true,"href":"https:\/\/westgem.shop\/fr\/wp-json\/wp\/v2\/product_cat?post=2612"},{"taxonomy":"product_tag","embeddable":true,"href":"https:\/\/westgem.shop\/fr\/wp-json\/wp\/v2\/product_tag?post=2612"}],"curies":[{"name":"wp","href":"https:\/\/api.w.org\/{rel}","templated":true}]}}