{"id":2613,"date":"2001-07-28T00:00:00","date_gmt":"2001-07-28T00:00:00","guid":{"rendered":"https:\/\/miners.rocks\/product\/art-ds092-steinbock\/"},"modified":"2020-05-19T17:00:05","modified_gmt":"2020-05-19T17:00:05","slug":"art-ds092-bouquetin","status":"publish","type":"product","link":"https:\/\/westgem.shop\/fr\/produit\/art-ds092-bouquetin\/","title":{"rendered":"Art. DS092 - CAPRICORNE"},"content":{"rendered":"<p>Fabriqu\u00e9s d'apr\u00e8s des mod\u00e8les sp\u00e9ciaux en Autriche. Pour une raison particuli\u00e8re, nous avions d\u00e9j\u00e0 fait fabriquer des centaines d'animaux en pierre de cette r\u00e9gion il y a des ann\u00e9es - des \u00e9l\u00e9phants, des oiseaux, etc. et aussi des bouquetins, que les touristes nous demandaient r\u00e9guli\u00e8rement. Mais les \"bouquetins\" fabriqu\u00e9s par les P\u00e9ruviens ressemblaient \u00e0 des ch\u00e8vres. Les vrais BOUCS vivent exclusivement dans les ALPES europ\u00e9ennes et les sculpteurs p\u00e9ruviens n'avaient aucune id\u00e9e de l'apparence r\u00e9elle de ces animaux, surtout en ce qui concerne les proportions.<\/p>\n<p>Cette ann\u00e9e, les premi\u00e8res \"VRAIES\" ont \u00e9t\u00e9 sculpt\u00e9es et elles sont magnifiques.<\/p>\n<p>Tr\u00e8s grand -<u> La hauteur de la sculpture est de 25 cm<\/u> et tr\u00e8s ellegant.<\/p>\n<p>Un superbe accroche-regard pour n'importe quel endroit !<\/p>\n<p>Sculpt\u00e9 dans une pierre tr\u00e8s d\u00e9corative : STEATITE\/ARAGONITE<\/p>\n<p>Actuellement, il n'existe plus que ces six pi\u00e8ces en Europe, dans des couleurs diff\u00e9rentes.<\/p>\n<p>Nous montrons ici TOUS - dans la <u>Cat\u00e9gorie Pi\u00e8ces individuelles meul\u00e9es\/polies<\/u> avec les art. DS093 - DS097 sur les <u>Pages 12 et 13<\/u><\/p>\n<p>Tous sont diff\u00e9rents dans les petits d\u00e9tails (travail manuel !) - TOUS UNIQUES !<\/p>\n<p>Taille identique \u00e0 quelques diff\u00e9rences pr\u00e8s - <u>environ 25 cm<\/u><\/p>\n<p>Poids : 800 g ( 0,8 kilogramme)<\/p>\n<p>...et OUI, nous pouvons envoyer les colis de mani\u00e8re \u00e0 ce qu'ils arrivent en bon \u00e9tat !<\/p>","protected":false},"excerpt":{"rendered":"<p>Fabriqu\u00e9s d'apr\u00e8s des mod\u00e8les sp\u00e9ciaux en Autriche. Pour une raison particuli\u00e8re, nous avions d\u00e9j\u00e0 fait fabriquer des centaines d'animaux en pierre de cette r\u00e9gion il y a des ann\u00e9es - des \u00e9l\u00e9phants, des oiseaux, etc. et aussi des bouquetins, que les touristes nous demandaient r\u00e9guli\u00e8rement. Mais les \"bouquetins\" fabriqu\u00e9s par les P\u00e9ruviens ressemblaient \u00e0 des ch\u00e8vres. Les v\u00e9ritables BOUCS DE PIERRE vivent exclusivement dans [...]<\/p>","protected":false},"featured_media":3878,"template":"","meta":{"_acf_changed":false},"region":[],"product_brand":[],"product_cat":[15],"product_tag":[],"class_list":{"0":"post-2613","1":"product","2":"type-product","3":"status-publish","4":"has-post-thumbnail","6":"product_cat-mineralien","8":"first","9":"outofstock","10":"sold-individually","11":"product-type-simple"},"acf":[],"_links":{"self":[{"href":"https:\/\/westgem.shop\/fr\/wp-json\/wp\/v2\/product\/2613","targetHints":{"allow":["GET"]}}],"collection":[{"href":"https:\/\/westgem.shop\/fr\/wp-json\/wp\/v2\/product"}],"about":[{"href":"https:\/\/westgem.shop\/fr\/wp-json\/wp\/v2\/types\/product"}],"wp:featuredmedia":[{"embeddable":true,"href":"https:\/\/westgem.shop\/fr\/wp-json\/wp\/v2\/media\/3878"}],"wp:attachment":[{"href":"https:\/\/westgem.shop\/fr\/wp-json\/wp\/v2\/media?parent=2613"}],"wp:term":[{"taxonomy":"region","embeddable":true,"href":"https:\/\/westgem.shop\/fr\/wp-json\/wp\/v2\/region?post=2613"},{"taxonomy":"product_brand","embeddable":true,"href":"https:\/\/westgem.shop\/fr\/wp-json\/wp\/v2\/product_brand?post=2613"},{"taxonomy":"product_cat","embeddable":true,"href":"https:\/\/westgem.shop\/fr\/wp-json\/wp\/v2\/product_cat?post=2613"},{"taxonomy":"product_tag","embeddable":true,"href":"https:\/\/westgem.shop\/fr\/wp-json\/wp\/v2\/product_tag?post=2613"}],"curies":[{"name":"wp","href":"https:\/\/api.w.org\/{rel}","templated":true}]}}