{"id":2614,"date":"2001-07-29T00:00:00","date_gmt":"2001-07-29T00:00:00","guid":{"rendered":"https:\/\/miners.rocks\/product\/madagaskar-rosenquarz-aa-qualitaet\/"},"modified":"2020-05-19T17:00:06","modified_gmt":"2020-05-19T17:00:06","slug":"quartz-rose-de-madagascar-qualite-aa","status":"publish","type":"product","link":"https:\/\/westgem.shop\/fr\/produit\/quartz-rose-de-madagascar-qualite-aa\/","title":{"rendered":"QUARTZ ROSE de Madagascar qualit\u00e9 AA"},"content":{"rendered":"<p>QUARTZ ROSE de Madagascar de premi\u00e8re qualit\u00e9 en qualit\u00e9 de polissage.<\/p>\n<p>Cristallin, transparent avec une tr\u00e8s bonne couleur naturelle<\/p>\n<p>. Les qualit\u00e9s transparentes du QUARTZ ROSE ne se trouvent pratiquement jamais en gros morceaux. Tout ce qui est plus grand qu'un poing est en g\u00e9n\u00e9ral grossier et trouble - c'est alors la marchandise bon march\u00e9 de la foire.<\/p>\n<p> Le quartz rose de Madagascar est de toute fa\u00e7on consid\u00e9r\u00e9 comme la meilleure vari\u00e9t\u00e9 au monde...<\/p>\n<p>La couleur sp\u00e9ciale est due \u00e0 un min\u00e9ral similaire \u00e0 la DUMORTIERITE qui est pr\u00e9sent en tr\u00e8s fine r\u00e9partition dans le quartz. Les qualit\u00e9s de Madagascar peuvent donc m\u00eame pr\u00e9senter une teinte bleu-violet.<\/p>\n<p>Poids : 1,3 kilogramme Dimensions : ^4 x 11 x 7 cm<\/p>","protected":false},"excerpt":{"rendered":"<p>QUARTZ ROSE de Madagascar de premi\u00e8re qualit\u00e9 en qualit\u00e9 de polissage. Cristallin, transparent avec une tr\u00e8s bonne couleur naturelle. Il est rare de trouver du QUARTZ ROSE transparent en grandes quantit\u00e9s. Tout ce qui est plus grand qu'un poing est en g\u00e9n\u00e9ral grossier et trouble - c'est alors une marchandise bon march\u00e9 de foire. Le quartz rose de Madagascar est de toute fa\u00e7on consid\u00e9r\u00e9 comme la meilleure vari\u00e9t\u00e9 au monde... La couleur sp\u00e9ciale [...]<\/p>","protected":false},"featured_media":3882,"template":"","meta":{"_acf_changed":false},"region":[],"product_brand":[],"product_cat":[15],"product_tag":[],"class_list":{"0":"post-2614","1":"product","2":"type-product","3":"status-publish","4":"has-post-thumbnail","6":"product_cat-mineralien","8":"first","9":"outofstock","10":"sold-individually","11":"product-type-simple"},"acf":[],"_links":{"self":[{"href":"https:\/\/westgem.shop\/fr\/wp-json\/wp\/v2\/product\/2614","targetHints":{"allow":["GET"]}}],"collection":[{"href":"https:\/\/westgem.shop\/fr\/wp-json\/wp\/v2\/product"}],"about":[{"href":"https:\/\/westgem.shop\/fr\/wp-json\/wp\/v2\/types\/product"}],"wp:featuredmedia":[{"embeddable":true,"href":"https:\/\/westgem.shop\/fr\/wp-json\/wp\/v2\/media\/3882"}],"wp:attachment":[{"href":"https:\/\/westgem.shop\/fr\/wp-json\/wp\/v2\/media?parent=2614"}],"wp:term":[{"taxonomy":"region","embeddable":true,"href":"https:\/\/westgem.shop\/fr\/wp-json\/wp\/v2\/region?post=2614"},{"taxonomy":"product_brand","embeddable":true,"href":"https:\/\/westgem.shop\/fr\/wp-json\/wp\/v2\/product_brand?post=2614"},{"taxonomy":"product_cat","embeddable":true,"href":"https:\/\/westgem.shop\/fr\/wp-json\/wp\/v2\/product_cat?post=2614"},{"taxonomy":"product_tag","embeddable":true,"href":"https:\/\/westgem.shop\/fr\/wp-json\/wp\/v2\/product_tag?post=2614"}],"curies":[{"name":"wp","href":"https:\/\/api.w.org\/{rel}","templated":true}]}}