{"id":2615,"date":"2001-07-30T00:00:00","date_gmt":"2001-07-30T00:00:00","guid":{"rendered":"https:\/\/miners.rocks\/product\/1-a-mookait-australien\/"},"modified":"2020-05-19T17:00:06","modified_gmt":"2020-05-19T17:00:06","slug":"1-a-mookait-australie","status":"publish","type":"product","link":"https:\/\/westgem.shop\/fr\/produit\/1-a-mookait-australie\/","title":{"rendered":"1 A Mookait - Australie"},"content":{"rendered":"<p>Mookait brut de premi\u00e8re qualit\u00e9 - tr\u00e8s compact, super pour le pon\u00e7age et le polissage - 2 surfaces de coupe - non poli .<\/p>\n<p>plus d'un milliard d'ann\u00e9es - <u>CALC\u00c9DOINE - SILEX - OPALITE<\/u><\/p>\n<p>Mooka Junktion - Rivi\u00e8re Gascoyne - Australie de l'Ouest<\/p>\n<p>Poids : 610 g Dimensions : 10 x 8 x 5 cm<\/p>","protected":false},"excerpt":{"rendered":"<p>Mooka\u00efte brute de premi\u00e8re qualit\u00e9 - tr\u00e8s compacte, super pour tailler et polir - 2 faces de coupe - non polie . plus d'un milliard d'ann\u00e9es - CHALCEDON - PIERRE DE FEU - OPALITE Mooka Junktion - Gascoyne River - Western Australia Poids : 610 g Dimensions : 10 x 8 x 5 cm<\/p>","protected":false},"featured_media":3885,"template":"","meta":{"_acf_changed":false},"region":[],"product_brand":[],"product_cat":[15],"product_tag":[],"class_list":{"0":"post-2615","1":"product","2":"type-product","3":"status-publish","4":"has-post-thumbnail","6":"product_cat-mineralien","8":"first","9":"outofstock","10":"sold-individually","11":"product-type-simple"},"acf":[],"_links":{"self":[{"href":"https:\/\/westgem.shop\/fr\/wp-json\/wp\/v2\/product\/2615","targetHints":{"allow":["GET"]}}],"collection":[{"href":"https:\/\/westgem.shop\/fr\/wp-json\/wp\/v2\/product"}],"about":[{"href":"https:\/\/westgem.shop\/fr\/wp-json\/wp\/v2\/types\/product"}],"wp:featuredmedia":[{"embeddable":true,"href":"https:\/\/westgem.shop\/fr\/wp-json\/wp\/v2\/media\/3885"}],"wp:attachment":[{"href":"https:\/\/westgem.shop\/fr\/wp-json\/wp\/v2\/media?parent=2615"}],"wp:term":[{"taxonomy":"region","embeddable":true,"href":"https:\/\/westgem.shop\/fr\/wp-json\/wp\/v2\/region?post=2615"},{"taxonomy":"product_brand","embeddable":true,"href":"https:\/\/westgem.shop\/fr\/wp-json\/wp\/v2\/product_brand?post=2615"},{"taxonomy":"product_cat","embeddable":true,"href":"https:\/\/westgem.shop\/fr\/wp-json\/wp\/v2\/product_cat?post=2615"},{"taxonomy":"product_tag","embeddable":true,"href":"https:\/\/westgem.shop\/fr\/wp-json\/wp\/v2\/product_tag?post=2615"}],"curies":[{"name":"wp","href":"https:\/\/api.w.org\/{rel}","templated":true}]}}