{"id":2616,"date":"2001-07-31T00:00:00","date_gmt":"2001-07-31T00:00:00","guid":{"rendered":"https:\/\/miners.rocks\/product\/super-malachit-mit-chrysokoll\/"},"modified":"2020-05-19T17:00:07","modified_gmt":"2020-05-19T17:00:07","slug":"super-malachite-avec-chrysocolle","status":"publish","type":"product","link":"https:\/\/westgem.shop\/fr\/produit\/super-malachite-avec-chrysocolle\/","title":{"rendered":"Super malachite avec CHRYSOKOLL"},"content":{"rendered":"<p>Tr\u00e8s belle et spectaculaire petite marche<\/p>\n<p><u>Grappe de raisin - BOTRODIAL - Malachite avec CHRYSOKOLL bleu<\/u><\/p>\n<p>Nous achetons notre malachiteE \u00e0 une soci\u00e9t\u00e9 mini\u00e8re sud-africaine qui exploite des minerais au Congo - obtenir de la marchandise directement du Congo est pratiquement impossible.<\/p>\n<p>Mine de RUASHI - LUBUMBASHA - Congo<\/p>\n<p>Niveau sup\u00e9rieur Poids : 200 g Dimensions : 8 x 5,5 x 4 cm<\/p>","protected":false},"excerpt":{"rendered":"<p>Tr\u00e8s belle et spectaculaire petite marche Malachite en grappe - BOTRODIAL - avec CHRYSOKOLL bleu Nous achetons nos malachites \u00e0 une soci\u00e9t\u00e9 mini\u00e8re sud-africaine qui exploite des minerais au Congo - obtenir de la marchandise directement du Congo est pratiquement impossible. MINE RUASHI - LUBUMBASHA - Congo Niveau sup\u00e9rieur Poids : 200 g Dimensions : 8 x 5,5 x 4 cm<\/p>","protected":false},"featured_media":3888,"template":"","meta":{"_acf_changed":false},"region":[],"product_brand":[],"product_cat":[15],"product_tag":[],"class_list":{"0":"post-2616","1":"product","2":"type-product","3":"status-publish","4":"has-post-thumbnail","6":"product_cat-mineralien","8":"first","9":"outofstock","10":"sold-individually","11":"product-type-simple"},"acf":[],"_links":{"self":[{"href":"https:\/\/westgem.shop\/fr\/wp-json\/wp\/v2\/product\/2616","targetHints":{"allow":["GET"]}}],"collection":[{"href":"https:\/\/westgem.shop\/fr\/wp-json\/wp\/v2\/product"}],"about":[{"href":"https:\/\/westgem.shop\/fr\/wp-json\/wp\/v2\/types\/product"}],"wp:featuredmedia":[{"embeddable":true,"href":"https:\/\/westgem.shop\/fr\/wp-json\/wp\/v2\/media\/3888"}],"wp:attachment":[{"href":"https:\/\/westgem.shop\/fr\/wp-json\/wp\/v2\/media?parent=2616"}],"wp:term":[{"taxonomy":"region","embeddable":true,"href":"https:\/\/westgem.shop\/fr\/wp-json\/wp\/v2\/region?post=2616"},{"taxonomy":"product_brand","embeddable":true,"href":"https:\/\/westgem.shop\/fr\/wp-json\/wp\/v2\/product_brand?post=2616"},{"taxonomy":"product_cat","embeddable":true,"href":"https:\/\/westgem.shop\/fr\/wp-json\/wp\/v2\/product_cat?post=2616"},{"taxonomy":"product_tag","embeddable":true,"href":"https:\/\/westgem.shop\/fr\/wp-json\/wp\/v2\/product_tag?post=2616"}],"curies":[{"name":"wp","href":"https:\/\/api.w.org\/{rel}","templated":true}]}}