{"id":2619,"date":"2001-08-03T00:00:00","date_gmt":"2001-08-03T00:00:00","guid":{"rendered":"https:\/\/miners.rocks\/product\/tigereisen-23-milliarden-jahre-alt\/"},"modified":"2020-05-19T17:00:10","modified_gmt":"2020-05-19T17:00:10","slug":"le-fer-du-tigre-a-23-milliards-dannees","status":"publish","type":"product","link":"https:\/\/westgem.shop\/fr\/produit\/le-fer-du-tigre-a-23-milliards-dannees\/","title":{"rendered":"Le fer du tigre - vieux de 2,3 milliards d'ann\u00e9es"},"content":{"rendered":"<p>On appelle fer tigr\u00e9 une roche pr\u00e9sentant des couches altern\u00e9es de ..... :<\/p>\n<p>Jaspe brun rouge - h\u00e9matite magn\u00e9tite noire m\u00e9tallique et \u0153il de tigre dor\u00e9 brillant.<\/p>\n<p>Les minerais ruban\u00e9s (magn\u00e9tite - h\u00e9matite) sont d'origine volcanique et se sont d\u00e9pos\u00e9s il y a 2,3 \u00e0 2,1 milliards d'ann\u00e9es le long de fosses oc\u00e9aniques profondes,<\/p>\n<p>Construction par couches avec du quartz microcristallin (JASPIS).  Dans les cavit\u00e9s s'est d'abord form\u00e9e la KROKYDOLITH (\u0153il de faucon), puis l'\u0153il de tigre aux reflets dor\u00e9s gr\u00e2ce \u00e0 l'intercalation de la LIMONITE.<\/p>\n<p>Pi\u00e8ce brute - couches partiellement pli\u00e9es - un demi-c\u00f4t\u00e9 de la surface de coupe (serait bon pour le polissage ! )<\/p>\n<p>BANDET IRON MINE dans la province du Cap-Nord - PIRESKA - AFRIQUE DU SUD<\/p>\n<p>Poids : 1,4 kilogramme Dimensions : 11 x 9 x 9 cm<\/p>\n<p>Comme on peut le voir sur les photos - tr\u00e8s int\u00e9ressant sous tous les angles .<\/p>","protected":false},"excerpt":{"rendered":"<p>Le fer du tigre est une roche compos\u00e9e de couches altern\u00e9es de ..... : jaspe rouge-brun, magn\u00e9tite-h\u00e9matite noire m\u00e9tallique et \u0153il de tigre dor\u00e9. Les minerais ruban\u00e9s (magn\u00e9tite-h\u00e9matite) sont d'origine volcanique et se sont d\u00e9pos\u00e9s il y a 2,3 \u00e0 2,1 milliards d'ann\u00e9es le long de fosses oc\u00e9aniques profondes, avec une structure en couches de quartz microcristallin (JASPIS). La crocidolite (\u0153il de faucon) s'est d'abord form\u00e9e dans les cavit\u00e9s [...].<\/p>","protected":false},"featured_media":3900,"template":"","meta":{"_acf_changed":false},"region":[],"product_brand":[],"product_cat":[15],"product_tag":[],"class_list":{"0":"post-2619","1":"product","2":"type-product","3":"status-publish","4":"has-post-thumbnail","6":"product_cat-mineralien","8":"first","9":"outofstock","10":"sold-individually","11":"product-type-simple"},"acf":[],"_links":{"self":[{"href":"https:\/\/westgem.shop\/fr\/wp-json\/wp\/v2\/product\/2619","targetHints":{"allow":["GET"]}}],"collection":[{"href":"https:\/\/westgem.shop\/fr\/wp-json\/wp\/v2\/product"}],"about":[{"href":"https:\/\/westgem.shop\/fr\/wp-json\/wp\/v2\/types\/product"}],"wp:featuredmedia":[{"embeddable":true,"href":"https:\/\/westgem.shop\/fr\/wp-json\/wp\/v2\/media\/3900"}],"wp:attachment":[{"href":"https:\/\/westgem.shop\/fr\/wp-json\/wp\/v2\/media?parent=2619"}],"wp:term":[{"taxonomy":"region","embeddable":true,"href":"https:\/\/westgem.shop\/fr\/wp-json\/wp\/v2\/region?post=2619"},{"taxonomy":"product_brand","embeddable":true,"href":"https:\/\/westgem.shop\/fr\/wp-json\/wp\/v2\/product_brand?post=2619"},{"taxonomy":"product_cat","embeddable":true,"href":"https:\/\/westgem.shop\/fr\/wp-json\/wp\/v2\/product_cat?post=2619"},{"taxonomy":"product_tag","embeddable":true,"href":"https:\/\/westgem.shop\/fr\/wp-json\/wp\/v2\/product_tag?post=2619"}],"curies":[{"name":"wp","href":"https:\/\/api.w.org\/{rel}","templated":true}]}}