{"id":2620,"date":"2001-08-04T00:00:00","date_gmt":"2001-08-04T00:00:00","guid":{"rendered":"https:\/\/miners.rocks\/product\/coelestin-xx\/"},"modified":"2020-05-19T17:00:11","modified_gmt":"2020-05-19T17:00:11","slug":"coelestin-xx","status":"publish","type":"product","link":"https:\/\/westgem.shop\/fr\/produit\/coelestin-xx\/","title":{"rendered":"COELESTIN xx"},"content":{"rendered":"<p>STRONTIUM Min\u00e9ral de formule Chrm. formule : SrSO4<\/p>\n<p>Cristaux ayant pouss\u00e9 sur du calcaire - blanc bleut\u00e9 - transparent.<\/p>\n<p>Poids sp\u00e9cifique tr\u00e8s \u00e9lev\u00e9.<\/p>\n<p>localisation de la trouvaille : Province de SAKOANY - Madagascar<\/p>\n<p>Poids de la marche : 2,2 kilogrammes Dimensions : 15 x 13 x 9 cm<\/p>\n<p><u>Super PRIX DE SAMME !<\/u><\/p>","protected":false},"excerpt":{"rendered":"<p>STRONTIUM Min\u00e9ral de formule Chrm. Formule : SrSO4 Cristaux form\u00e9s sur calcaire - blanc bleut\u00e9 - transparent. Poids sp\u00e9cifique tr\u00e8s \u00e9lev\u00e9. Lieu de d\u00e9couverte : Province de SAKOANY - Madagascar Poids de la taille : 2,2 kilogrammes Dimensions : 15 x 13 x 9 cm Super PRIX DE SAMME !<\/p>","protected":false},"featured_media":3906,"template":"","meta":{"_acf_changed":false},"region":[],"product_brand":[],"product_cat":[15],"product_tag":[],"class_list":{"0":"post-2620","1":"product","2":"type-product","3":"status-publish","4":"has-post-thumbnail","6":"product_cat-mineralien","8":"first","9":"outofstock","10":"sold-individually","11":"product-type-simple"},"acf":[],"_links":{"self":[{"href":"https:\/\/westgem.shop\/fr\/wp-json\/wp\/v2\/product\/2620","targetHints":{"allow":["GET"]}}],"collection":[{"href":"https:\/\/westgem.shop\/fr\/wp-json\/wp\/v2\/product"}],"about":[{"href":"https:\/\/westgem.shop\/fr\/wp-json\/wp\/v2\/types\/product"}],"wp:featuredmedia":[{"embeddable":true,"href":"https:\/\/westgem.shop\/fr\/wp-json\/wp\/v2\/media\/3906"}],"wp:attachment":[{"href":"https:\/\/westgem.shop\/fr\/wp-json\/wp\/v2\/media?parent=2620"}],"wp:term":[{"taxonomy":"region","embeddable":true,"href":"https:\/\/westgem.shop\/fr\/wp-json\/wp\/v2\/region?post=2620"},{"taxonomy":"product_brand","embeddable":true,"href":"https:\/\/westgem.shop\/fr\/wp-json\/wp\/v2\/product_brand?post=2620"},{"taxonomy":"product_cat","embeddable":true,"href":"https:\/\/westgem.shop\/fr\/wp-json\/wp\/v2\/product_cat?post=2620"},{"taxonomy":"product_tag","embeddable":true,"href":"https:\/\/westgem.shop\/fr\/wp-json\/wp\/v2\/product_tag?post=2620"}],"curies":[{"name":"wp","href":"https:\/\/api.w.org\/{rel}","templated":true}]}}