{"id":2621,"date":"2001-08-05T00:00:00","date_gmt":"2001-08-05T00:00:00","guid":{"rendered":"https:\/\/miners.rocks\/product\/saphirquarz-aa\/"},"modified":"2020-05-19T17:00:11","modified_gmt":"2020-05-19T17:00:11","slug":"quartz-saphir-aa","status":"publish","type":"product","link":"https:\/\/westgem.shop\/fr\/produit\/quartz-saphir-aa\/","title":{"rendered":"SAPHIRQUARZ AA"},"content":{"rendered":"<p>Cette pierre a \u00e9t\u00e9 taill\u00e9e et polie il y a 10 ans \u00e0 partir d'une mati\u00e8re premi\u00e8re de premi\u00e8re qualit\u00e9 - en IDAR - OBERSTEIN. Depuis, nous n'avons plus vu de quartz bleu d'une couleur aussi parfaite.<\/p>\n<p>En r\u00e8gle g\u00e9n\u00e9rale, ces vari\u00e9t\u00e9s sont d'un bleu clair opaque, laiteux et rugueux, avec parfois des rayures bleu fonc\u00e9. Ces pierres sont alors propos\u00e9es sous le nom de \"QUARTZ BLEU\", sont visibles en grand nombre et relativement bon march\u00e9.<\/p>\n<p>Cette pi\u00e8ce magnifique avec cette couleur (NATURE ! pas color\u00e9e !) est du QUARTZ SAPHIR.<\/p>\n<p>Poids : 190 g Dimensions : 6,5 x 5 x 4,5 cm<\/p>\n<p>PRIX EXCELLENT ! pour cette QUALIT\u00c9<\/p>\n<p>localisation de la trouvaille : Minas Gerais - Br\u00e9sil<\/p>","protected":false},"excerpt":{"rendered":"<p>Cette pierre a \u00e9t\u00e9 taill\u00e9e et polie il y a 10 ans \u00e0 partir d'une mati\u00e8re premi\u00e8re de premi\u00e8re qualit\u00e9 - en IDAR - OBERSTEIN. Depuis, nous n'avons plus vu de quartz bleu d'une couleur aussi parfaite. En r\u00e8gle g\u00e9n\u00e9rale, ces vari\u00e9t\u00e9s sont d'un bleu clair trouble et laiteux, avec des rayures bleues fonc\u00e9es occasionnelles. Ces pierres sont alors appel\u00e9es \"QUARTZ BLEU\" [...].<\/p>","protected":false},"featured_media":3910,"template":"","meta":{"_acf_changed":false},"region":[],"product_brand":[],"product_cat":[15],"product_tag":[],"class_list":{"0":"post-2621","1":"product","2":"type-product","3":"status-publish","4":"has-post-thumbnail","6":"product_cat-mineralien","8":"first","9":"outofstock","10":"sold-individually","11":"product-type-simple"},"acf":[],"_links":{"self":[{"href":"https:\/\/westgem.shop\/fr\/wp-json\/wp\/v2\/product\/2621","targetHints":{"allow":["GET"]}}],"collection":[{"href":"https:\/\/westgem.shop\/fr\/wp-json\/wp\/v2\/product"}],"about":[{"href":"https:\/\/westgem.shop\/fr\/wp-json\/wp\/v2\/types\/product"}],"wp:featuredmedia":[{"embeddable":true,"href":"https:\/\/westgem.shop\/fr\/wp-json\/wp\/v2\/media\/3910"}],"wp:attachment":[{"href":"https:\/\/westgem.shop\/fr\/wp-json\/wp\/v2\/media?parent=2621"}],"wp:term":[{"taxonomy":"region","embeddable":true,"href":"https:\/\/westgem.shop\/fr\/wp-json\/wp\/v2\/region?post=2621"},{"taxonomy":"product_brand","embeddable":true,"href":"https:\/\/westgem.shop\/fr\/wp-json\/wp\/v2\/product_brand?post=2621"},{"taxonomy":"product_cat","embeddable":true,"href":"https:\/\/westgem.shop\/fr\/wp-json\/wp\/v2\/product_cat?post=2621"},{"taxonomy":"product_tag","embeddable":true,"href":"https:\/\/westgem.shop\/fr\/wp-json\/wp\/v2\/product_tag?post=2621"}],"curies":[{"name":"wp","href":"https:\/\/api.w.org\/{rel}","templated":true}]}}