{"id":2623,"date":"2001-08-07T00:00:00","date_gmt":"2001-08-07T00:00:00","guid":{"rendered":"https:\/\/miners.rocks\/product\/sensationelle-malachite\/"},"modified":"2020-05-19T17:00:12","modified_gmt":"2020-05-19T17:00:12","slug":"sensationnelle-malachite","status":"publish","type":"product","link":"https:\/\/westgem.shop\/fr\/produit\/sensationnelle-malachite\/","title":{"rendered":"Sensationnelle MalachiteE"},"content":{"rendered":"<p>NOUVELLEMENT ARRIV\u00c9 :<\/p>\n<p>Super malachite en gradins - 'cristaux aciculaires sous forme d'agr\u00e9gats \u00e0 rayons radiaux et \u00e0 c\u00f4nes pointus - velout\u00e9s, tr\u00e8s brillants dans des cavit\u00e9s sur une DOLOMITE silicifi\u00e9e.<\/p>\n<p>Les malachites sont pseudomorphes de l'azurite. La garniture brun\u00e2tre des cavit\u00e9s est de la LIMONITE.<\/p>\n<p>Superbe et tr\u00e8s int\u00e9ressant.<\/p>\n<p>Poids : 200 g Dimensions : 13 x 8 x 4 cm - l'image 4 est le verso.<\/p>\n<p>Le lieu de d\u00e9couverte est Kerrouchen . Aouli<\/p>\n<p>Montagnes de l'Atlas - Afrique du Nord    <u>SUPER PRIX !<\/u><\/p>","protected":false},"excerpt":{"rendered":"<p>NOUVEAU : Super malachite en gradins - 'cristaux aciculaires sous forme d'agr\u00e9gats \u00e0 rayons radiaux et \u00e0 c\u00f4nes pointus - velout\u00e9s, tr\u00e8s brillants dans des cavit\u00e9s sur une dolomite silicifi\u00e9e. La malachite est pseudomorphe \u00e0 l'azourite. La garniture brun\u00e2tre des cavit\u00e9s est de la LIMONITE. Superbe et tr\u00e8s int\u00e9ressant. Poids : 200 g Dimensions : 13 x 8 x 4 cm - la photo 4 montre le verso. Le lieu de d\u00e9couverte est Kerrouchen . [...]<\/p>","protected":false},"featured_media":3916,"template":"","meta":{"_acf_changed":false},"region":[],"product_brand":[],"product_cat":[15],"product_tag":[],"class_list":{"0":"post-2623","1":"product","2":"type-product","3":"status-publish","4":"has-post-thumbnail","6":"product_cat-mineralien","8":"first","9":"outofstock","10":"sold-individually","11":"product-type-simple"},"acf":[],"_links":{"self":[{"href":"https:\/\/westgem.shop\/fr\/wp-json\/wp\/v2\/product\/2623","targetHints":{"allow":["GET"]}}],"collection":[{"href":"https:\/\/westgem.shop\/fr\/wp-json\/wp\/v2\/product"}],"about":[{"href":"https:\/\/westgem.shop\/fr\/wp-json\/wp\/v2\/types\/product"}],"wp:featuredmedia":[{"embeddable":true,"href":"https:\/\/westgem.shop\/fr\/wp-json\/wp\/v2\/media\/3916"}],"wp:attachment":[{"href":"https:\/\/westgem.shop\/fr\/wp-json\/wp\/v2\/media?parent=2623"}],"wp:term":[{"taxonomy":"region","embeddable":true,"href":"https:\/\/westgem.shop\/fr\/wp-json\/wp\/v2\/region?post=2623"},{"taxonomy":"product_brand","embeddable":true,"href":"https:\/\/westgem.shop\/fr\/wp-json\/wp\/v2\/product_brand?post=2623"},{"taxonomy":"product_cat","embeddable":true,"href":"https:\/\/westgem.shop\/fr\/wp-json\/wp\/v2\/product_cat?post=2623"},{"taxonomy":"product_tag","embeddable":true,"href":"https:\/\/westgem.shop\/fr\/wp-json\/wp\/v2\/product_tag?post=2623"}],"curies":[{"name":"wp","href":"https:\/\/api.w.org\/{rel}","templated":true}]}}