{"id":2624,"date":"2001-08-08T00:00:00","date_gmt":"2001-08-08T00:00:00","guid":{"rendered":"https:\/\/miners.rocks\/product\/erytrin-xx-kobaltbluete\/"},"modified":"2020-05-19T17:00:13","modified_gmt":"2020-05-19T17:00:13","slug":"erytrin-xx-bleu-de-cobalt","status":"publish","type":"product","link":"https:\/\/westgem.shop\/fr\/produit\/erytrin-xx-bleu-de-cobalt\/","title":{"rendered":"ERYTRIN xx - FLEUR DE COBALT"},"content":{"rendered":"<p>L'ERYTRIN ou BLEU DE COBALT est un min\u00e9ral dont la composition est la suivante ( ARSENE - COBALT - OXYG\u00c8NE et HYDROG\u00c8NE )<\/p>\n<p>Les cristaux pourpres en forme de feuille sont pos\u00e9s sur une roche dolomitique.<\/p>\n<p>L'ERYTRIN est un min\u00e9ral conducteur important pour les gisements riches en cobalt.<\/p>\n<p>Le lieu de d\u00e9couverte de ces marches est BOU AZZER au MAROC<\/p>\n<p>Poids : 170 g Dimensions : 8 x 8 x 4 cm<\/p>\n<p>L'image 4 est la face arri\u00e8re<\/p>","protected":false},"excerpt":{"rendered":"<p>L'ERYTRINE est un min\u00e9ral compos\u00e9 d'ARSENE, de COBALT, d'OXYG\u00c8NE et d'HYDROG\u00c8NE. Les cristaux foliac\u00e9s pourpres reposent sur une roche dolomitique. L'ERYTRIN est un min\u00e9ral conducteur important pour les gisements riches en cobalt. Ces marches ont \u00e9t\u00e9 trouv\u00e9es \u00e0 BOU AZZER au MAROC. Poids : 170 g Dimensions : 8 x 8 x 4 cm [...].<\/p>","protected":false},"featured_media":3920,"template":"","meta":{"_acf_changed":false},"region":[],"product_brand":[],"product_cat":[15],"product_tag":[],"class_list":{"0":"post-2624","1":"product","2":"type-product","3":"status-publish","4":"has-post-thumbnail","6":"product_cat-mineralien","8":"first","9":"outofstock","10":"sold-individually","11":"product-type-simple"},"acf":[],"_links":{"self":[{"href":"https:\/\/westgem.shop\/fr\/wp-json\/wp\/v2\/product\/2624","targetHints":{"allow":["GET"]}}],"collection":[{"href":"https:\/\/westgem.shop\/fr\/wp-json\/wp\/v2\/product"}],"about":[{"href":"https:\/\/westgem.shop\/fr\/wp-json\/wp\/v2\/types\/product"}],"wp:featuredmedia":[{"embeddable":true,"href":"https:\/\/westgem.shop\/fr\/wp-json\/wp\/v2\/media\/3920"}],"wp:attachment":[{"href":"https:\/\/westgem.shop\/fr\/wp-json\/wp\/v2\/media?parent=2624"}],"wp:term":[{"taxonomy":"region","embeddable":true,"href":"https:\/\/westgem.shop\/fr\/wp-json\/wp\/v2\/region?post=2624"},{"taxonomy":"product_brand","embeddable":true,"href":"https:\/\/westgem.shop\/fr\/wp-json\/wp\/v2\/product_brand?post=2624"},{"taxonomy":"product_cat","embeddable":true,"href":"https:\/\/westgem.shop\/fr\/wp-json\/wp\/v2\/product_cat?post=2624"},{"taxonomy":"product_tag","embeddable":true,"href":"https:\/\/westgem.shop\/fr\/wp-json\/wp\/v2\/product_tag?post=2624"}],"curies":[{"name":"wp","href":"https:\/\/api.w.org\/{rel}","templated":true}]}}