{"id":2625,"date":"2001-08-09T00:00:00","date_gmt":"2001-08-09T00:00:00","guid":{"rendered":"https:\/\/miners.rocks\/product\/malachit-spezial\/"},"modified":"2020-05-19T17:00:13","modified_gmt":"2020-05-19T17:00:13","slug":"malachite-speciale","status":"publish","type":"product","link":"https:\/\/westgem.shop\/fr\/produit\/malachite-speciale\/","title":{"rendered":"Malachite SP\u00c9CIAL"},"content":{"rendered":"<p>Malachite xx \u00e0 l'\u00e9clat soyeux - pseudomorphe \u00e0 l'AZURITE.<\/p>\n<p>Agr\u00e9gats coniques aigus, en forme de rayons aciculaires - tr\u00e8s brillants - sensationnels.<\/p>\n<p>Les cristaux de malachite reposent sur une dolomite silicifi\u00e9e et partiellement limonis\u00e9e.<\/p>\n<p>Lieu de d\u00e9couverte : KERRUCHEN - AOULI - Montagnes de l'Atlas<\/p>\n<p><u>SUPER PRIX DE COLLECTION !<\/u><\/p>\n<p>AFRIQUE DU NORD<\/p>\n<p>Poids : 430 g Dimensions : 11 x 7 x 7 cm<\/p>","protected":false},"excerpt":{"rendered":"<p>Malachite xx \u00e0 l'\u00e9clat soyeux - pseudomorphe d'AZURIT. Agr\u00e9gats coniques et aciculaires en forme de rayons - tr\u00e8s brillants - sensationnels. Les cristaux de malachite reposent sur une dolomite silicifi\u00e9e et partiellement limonis\u00e9e. Lieu de d\u00e9couverte : KERRUCHEN - AOULI - Montagnes de l'Atlas SUPER PRIX DE COLLECTE ! NORD AFRIQUE Poids : 430 g Dimensions : 11 x 7 x 7 cm<\/p>","protected":false},"featured_media":3924,"template":"","meta":{"_acf_changed":false},"region":[],"product_brand":[],"product_cat":[15],"product_tag":[],"class_list":{"0":"post-2625","1":"product","2":"type-product","3":"status-publish","4":"has-post-thumbnail","6":"product_cat-mineralien","8":"first","9":"outofstock","10":"sold-individually","11":"product-type-simple"},"acf":[],"_links":{"self":[{"href":"https:\/\/westgem.shop\/fr\/wp-json\/wp\/v2\/product\/2625","targetHints":{"allow":["GET"]}}],"collection":[{"href":"https:\/\/westgem.shop\/fr\/wp-json\/wp\/v2\/product"}],"about":[{"href":"https:\/\/westgem.shop\/fr\/wp-json\/wp\/v2\/types\/product"}],"wp:featuredmedia":[{"embeddable":true,"href":"https:\/\/westgem.shop\/fr\/wp-json\/wp\/v2\/media\/3924"}],"wp:attachment":[{"href":"https:\/\/westgem.shop\/fr\/wp-json\/wp\/v2\/media?parent=2625"}],"wp:term":[{"taxonomy":"region","embeddable":true,"href":"https:\/\/westgem.shop\/fr\/wp-json\/wp\/v2\/region?post=2625"},{"taxonomy":"product_brand","embeddable":true,"href":"https:\/\/westgem.shop\/fr\/wp-json\/wp\/v2\/product_brand?post=2625"},{"taxonomy":"product_cat","embeddable":true,"href":"https:\/\/westgem.shop\/fr\/wp-json\/wp\/v2\/product_cat?post=2625"},{"taxonomy":"product_tag","embeddable":true,"href":"https:\/\/westgem.shop\/fr\/wp-json\/wp\/v2\/product_tag?post=2625"}],"curies":[{"name":"wp","href":"https:\/\/api.w.org\/{rel}","templated":true}]}}