{"id":2626,"date":"2001-08-10T00:00:00","date_gmt":"2001-08-10T00:00:00","guid":{"rendered":"https:\/\/miners.rocks\/product\/gelber-fluorit-xx\/"},"modified":"2020-05-19T17:00:14","modified_gmt":"2020-05-19T17:00:14","slug":"fluorite-jaune-xx","status":"publish","type":"product","link":"https:\/\/westgem.shop\/fr\/produit\/fluorite-jaune-xx\/","title":{"rendered":"FLUORITE JAUNE xx"},"content":{"rendered":"<p>Niveau FLUORITE avec des cristaux bien form\u00e9s en forme de cube.<\/p>\n<p>La FLUORITE JAUNE est plut\u00f4t rare.<\/p>\n<p>Pr\u00e9sence dans des filons drusiens avec BARYT et quartz.<\/p>\n<p>Lieu de d\u00e9couverte : Bassin minier d'AOULI ( environ 25 KM2) dans la vall\u00e9e de la rivi\u00e8re Qued Moulauya.<\/p>\n<p>Poids : 60 g Dimensions : 5 x 4 x 2 cm<\/p>","protected":false},"excerpt":{"rendered":"<p>Niveau FLUORITE avec des cristaux bien form\u00e9s en forme de cube. La FLUORITE JAUNE est plut\u00f4t rare. Pr\u00e9sence dans des gisements de BARYT et de quartz. Lieu de d\u00e9couverte : Bassin minier de AOULI (environ 25 km2) dans la vall\u00e9e de la rivi\u00e8re Qued Moulauya. Poids : 60 g Dimensions : 5 x 4 x 2 cm<\/p>","protected":false},"featured_media":3927,"template":"","meta":{"_acf_changed":false},"region":[],"product_brand":[],"product_cat":[15],"product_tag":[],"class_list":{"0":"post-2626","1":"product","2":"type-product","3":"status-publish","4":"has-post-thumbnail","6":"product_cat-mineralien","8":"first","9":"outofstock","10":"sold-individually","11":"product-type-simple"},"acf":[],"_links":{"self":[{"href":"https:\/\/westgem.shop\/fr\/wp-json\/wp\/v2\/product\/2626","targetHints":{"allow":["GET"]}}],"collection":[{"href":"https:\/\/westgem.shop\/fr\/wp-json\/wp\/v2\/product"}],"about":[{"href":"https:\/\/westgem.shop\/fr\/wp-json\/wp\/v2\/types\/product"}],"wp:featuredmedia":[{"embeddable":true,"href":"https:\/\/westgem.shop\/fr\/wp-json\/wp\/v2\/media\/3927"}],"wp:attachment":[{"href":"https:\/\/westgem.shop\/fr\/wp-json\/wp\/v2\/media?parent=2626"}],"wp:term":[{"taxonomy":"region","embeddable":true,"href":"https:\/\/westgem.shop\/fr\/wp-json\/wp\/v2\/region?post=2626"},{"taxonomy":"product_brand","embeddable":true,"href":"https:\/\/westgem.shop\/fr\/wp-json\/wp\/v2\/product_brand?post=2626"},{"taxonomy":"product_cat","embeddable":true,"href":"https:\/\/westgem.shop\/fr\/wp-json\/wp\/v2\/product_cat?post=2626"},{"taxonomy":"product_tag","embeddable":true,"href":"https:\/\/westgem.shop\/fr\/wp-json\/wp\/v2\/product_tag?post=2626"}],"curies":[{"name":"wp","href":"https:\/\/api.w.org\/{rel}","templated":true}]}}