{"id":2627,"date":"2001-08-11T00:00:00","date_gmt":"2001-08-11T00:00:00","guid":{"rendered":"https:\/\/miners.rocks\/product\/malachit-xx-superstufe\/"},"modified":"2020-05-19T17:00:14","modified_gmt":"2020-05-19T17:00:14","slug":"malachite-xx-super-niveau","status":"publish","type":"product","link":"https:\/\/westgem.shop\/fr\/produit\/malachite-xx-super-niveau\/","title":{"rendered":"Malachite xx - Super niveau"},"content":{"rendered":"<p>Agr\u00e9gat de cristaux de malachite en forme de c\u00f4ne pointu, d'aiguilles et de rayons radiaux, d'aspect tr\u00e8s brillant et velout\u00e9.<\/p>\n<p>Malachite xx - pseudomorphe \u00e0 l'AZURITE , dans des cavernes de DOLOMITE silicifi\u00e9e, avec limonite, AZURITE et malachite.<\/p>\n<p>localisation de la trouvaille : KERRUCHEN - AOULI<\/p>\n<p>MONTAGNES DE L'ATLAS - AFRIQUE DU NORD<\/p>\n<p>Poids : 400 g Dimensions : 11 x 9 x 5 cm xx 2,5 cm<\/p>\n<p>SUPER PRIX !<\/p>","protected":false},"excerpt":{"rendered":"<p>Agr\u00e9gat de cristaux de malachite en forme de c\u00f4ne pointu, d'aiguilles et de rayons radiaux, d'aspect tr\u00e8s brillant et velout\u00e9. Malachite xx - pseudomorphe \u00e0 l'azourite, dans des cavernes de dolomite silicifi\u00e9e, avec limonite, azourite et malachite. Lieu de d\u00e9couverte : KERRUCHEN - AOULI ATLASGEBIRGE - AFRIQUE DU NORD Poids : 400 g Dimensions : 11 x 9 x 5 cm xx 2,5 cm SUPER PRIX !<\/p>","protected":false},"featured_media":3930,"template":"","meta":{"_acf_changed":false},"region":[],"product_brand":[],"product_cat":[15],"product_tag":[],"class_list":{"0":"post-2627","1":"product","2":"type-product","3":"status-publish","4":"has-post-thumbnail","6":"product_cat-mineralien","8":"first","9":"outofstock","10":"sold-individually","11":"product-type-simple"},"acf":[],"_links":{"self":[{"href":"https:\/\/westgem.shop\/fr\/wp-json\/wp\/v2\/product\/2627","targetHints":{"allow":["GET"]}}],"collection":[{"href":"https:\/\/westgem.shop\/fr\/wp-json\/wp\/v2\/product"}],"about":[{"href":"https:\/\/westgem.shop\/fr\/wp-json\/wp\/v2\/types\/product"}],"wp:featuredmedia":[{"embeddable":true,"href":"https:\/\/westgem.shop\/fr\/wp-json\/wp\/v2\/media\/3930"}],"wp:attachment":[{"href":"https:\/\/westgem.shop\/fr\/wp-json\/wp\/v2\/media?parent=2627"}],"wp:term":[{"taxonomy":"region","embeddable":true,"href":"https:\/\/westgem.shop\/fr\/wp-json\/wp\/v2\/region?post=2627"},{"taxonomy":"product_brand","embeddable":true,"href":"https:\/\/westgem.shop\/fr\/wp-json\/wp\/v2\/product_brand?post=2627"},{"taxonomy":"product_cat","embeddable":true,"href":"https:\/\/westgem.shop\/fr\/wp-json\/wp\/v2\/product_cat?post=2627"},{"taxonomy":"product_tag","embeddable":true,"href":"https:\/\/westgem.shop\/fr\/wp-json\/wp\/v2\/product_tag?post=2627"}],"curies":[{"name":"wp","href":"https:\/\/api.w.org\/{rel}","templated":true}]}}