{"id":2628,"date":"2001-08-12T00:00:00","date_gmt":"2001-08-12T00:00:00","guid":{"rendered":"https:\/\/miners.rocks\/product\/schoener-cobalt-calcit-xx\/"},"modified":"2020-05-19T17:00:15","modified_gmt":"2020-05-19T17:00:15","slug":"schoener-cobalt-calcite-xx","status":"publish","type":"product","link":"https:\/\/westgem.shop\/fr\/produit\/schoener-cobalt-calcite-xx\/","title":{"rendered":"Belle COBALT CALCIT xx"},"content":{"rendered":"<p>KOBALT CALCIT xx de tr\u00e8s belle couleur sous forme d'agr\u00e9gats de cristaux en grappes.<\/p>\n<p>COBALT CALCIT se forme lorsque des solutions aqueuses \u00e0 forte teneur en KOBALT se cristallisent dans des galeries ou des drusen.<\/p>\n<p>OUMLIL MINE - BOU AZZER<\/p>\n<p>Anti Atlas - Maroc - Afrique du Nord<\/p>\n<p>Poids : 360 g Dimensions : 10 x 6 x 6 cm<\/p>","protected":false},"excerpt":{"rendered":"<p>CALCITE KOBALT xx de tr\u00e8s belle couleur sous forme d'agr\u00e9gats de cristaux en grappes. COBALT CALCIT se forme lorsque des solutions aqueuses \u00e0 forte teneur en KOBALT se cristallisent dans des veines ou des drusen. MINE D'OUMLIL - BOU AZZER Anti Atlas - Maroc - Afrique du Nord Poids : 360 g Dimensions : 10 x 6 x 6 cm<\/p>","protected":false},"featured_media":3935,"template":"","meta":{"_acf_changed":false},"region":[],"product_brand":[],"product_cat":[15],"product_tag":[],"class_list":{"0":"post-2628","1":"product","2":"type-product","3":"status-publish","4":"has-post-thumbnail","6":"product_cat-mineralien","8":"first","9":"outofstock","10":"sold-individually","11":"product-type-simple"},"acf":[],"_links":{"self":[{"href":"https:\/\/westgem.shop\/fr\/wp-json\/wp\/v2\/product\/2628","targetHints":{"allow":["GET"]}}],"collection":[{"href":"https:\/\/westgem.shop\/fr\/wp-json\/wp\/v2\/product"}],"about":[{"href":"https:\/\/westgem.shop\/fr\/wp-json\/wp\/v2\/types\/product"}],"wp:featuredmedia":[{"embeddable":true,"href":"https:\/\/westgem.shop\/fr\/wp-json\/wp\/v2\/media\/3935"}],"wp:attachment":[{"href":"https:\/\/westgem.shop\/fr\/wp-json\/wp\/v2\/media?parent=2628"}],"wp:term":[{"taxonomy":"region","embeddable":true,"href":"https:\/\/westgem.shop\/fr\/wp-json\/wp\/v2\/region?post=2628"},{"taxonomy":"product_brand","embeddable":true,"href":"https:\/\/westgem.shop\/fr\/wp-json\/wp\/v2\/product_brand?post=2628"},{"taxonomy":"product_cat","embeddable":true,"href":"https:\/\/westgem.shop\/fr\/wp-json\/wp\/v2\/product_cat?post=2628"},{"taxonomy":"product_tag","embeddable":true,"href":"https:\/\/westgem.shop\/fr\/wp-json\/wp\/v2\/product_tag?post=2628"}],"curies":[{"name":"wp","href":"https:\/\/api.w.org\/{rel}","templated":true}]}}