{"id":2630,"date":"2001-08-14T00:00:00","date_gmt":"2001-08-14T00:00:00","guid":{"rendered":"https:\/\/miners.rocks\/product\/ammolith-canada\/"},"modified":"2020-05-19T17:00:17","modified_gmt":"2020-05-19T17:00:17","slug":"ammolite-canada","status":"publish","type":"product","link":"https:\/\/westgem.shop\/fr\/produit\/ammolite-canada\/","title":{"rendered":"AMMOLITE - CANADA"},"content":{"rendered":"<p>AMMOLITH est le nom prot\u00e9g\u00e9 des AMMONITES irritantes - opalescentes du Cr\u00e9tac\u00e9.<\/p>\n<p>La mine AURORA, situ\u00e9e dans la province de l'Alberta au Canada, extrait ces AMMOLITHES exclusives sur la rivi\u00e8re St.<\/p>\n<p>Les pi\u00e8ces de premi\u00e8re qualit\u00e9 sont mont\u00e9es en bijoux par les meilleurs joailliers et vendues \u00e0 des prix vraiment \"\u00e9lev\u00e9s\".<\/p>\n<p>Une AMMOLITH enti\u00e8re de premi\u00e8re qualit\u00e9, d'un diam\u00e8tre d'environ 20 cm, peut facilement co\u00fbter plus de 50.000 dollars, si elle est disponible !<\/p>\n<p>En revanche, vous pouvez acqu\u00e9rir ce morceau, dont le jeu de couleurs n'est malheureusement pas particulier, \u00e0 un prix relativement bas.<\/p>\n<p>Poids : 75 g Dimensions : 7 x 4 x 1,5 cm<\/p>","protected":false},"excerpt":{"rendered":"<p>AMMOLITH est le nom prot\u00e9g\u00e9 d'AMMONITES irritantes du Cr\u00e9tac\u00e9, ressemblant \u00e0 de l'opale. La mine AURORA, situ\u00e9e dans la province de l'Alberta au Canada, extrait ces AMMOLITHES exclusives de la rivi\u00e8re St. Mary. Les pi\u00e8ces de premi\u00e8re qualit\u00e9 sont mont\u00e9es en bijoux par les meilleurs joailliers et vendues \u00e0 des prix vraiment \"\u00e9lev\u00e9s\". Une pi\u00e8ce enti\u00e8re de premi\u00e8re qualit\u00e9 d'environ 20 cm [...].<\/p>","protected":false},"featured_media":3942,"template":"","meta":{"_acf_changed":false},"region":[],"product_brand":[],"product_cat":[15],"product_tag":[],"class_list":{"0":"post-2630","1":"product","2":"type-product","3":"status-publish","4":"has-post-thumbnail","6":"product_cat-mineralien","8":"first","9":"outofstock","10":"sold-individually","11":"product-type-simple"},"acf":[],"_links":{"self":[{"href":"https:\/\/westgem.shop\/fr\/wp-json\/wp\/v2\/product\/2630","targetHints":{"allow":["GET"]}}],"collection":[{"href":"https:\/\/westgem.shop\/fr\/wp-json\/wp\/v2\/product"}],"about":[{"href":"https:\/\/westgem.shop\/fr\/wp-json\/wp\/v2\/types\/product"}],"wp:featuredmedia":[{"embeddable":true,"href":"https:\/\/westgem.shop\/fr\/wp-json\/wp\/v2\/media\/3942"}],"wp:attachment":[{"href":"https:\/\/westgem.shop\/fr\/wp-json\/wp\/v2\/media?parent=2630"}],"wp:term":[{"taxonomy":"region","embeddable":true,"href":"https:\/\/westgem.shop\/fr\/wp-json\/wp\/v2\/region?post=2630"},{"taxonomy":"product_brand","embeddable":true,"href":"https:\/\/westgem.shop\/fr\/wp-json\/wp\/v2\/product_brand?post=2630"},{"taxonomy":"product_cat","embeddable":true,"href":"https:\/\/westgem.shop\/fr\/wp-json\/wp\/v2\/product_cat?post=2630"},{"taxonomy":"product_tag","embeddable":true,"href":"https:\/\/westgem.shop\/fr\/wp-json\/wp\/v2\/product_tag?post=2630"}],"curies":[{"name":"wp","href":"https:\/\/api.w.org\/{rel}","templated":true}]}}