{"id":2631,"date":"2001-08-15T00:00:00","date_gmt":"2001-08-15T00:00:00","guid":{"rendered":"https:\/\/miners.rocks\/product\/tigereisen-ueber-2-milliarden-jahre-alt-3\/"},"modified":"2020-05-19T17:00:18","modified_gmt":"2020-05-19T17:00:18","slug":"le-voyage-du-tigre-a-plus-de-2-milliards-dannees-3","status":"publish","type":"product","link":"https:\/\/westgem.shop\/fr\/produit\/le-voyage-du-tigre-a-plus-de-2-milliards-dannees-3\/","title":{"rendered":"Le fer du tigre - vieux de plus de 2 milliards d'ann\u00e9es"},"content":{"rendered":"<p>Le fer tigr\u00e9 est un m\u00e9lange de min\u00e9raux avec des proportions variables de....<\/p>\n<p><u>Magn\u00e9tite\/h\u00e9matite noire m\u00e9tallique - jaspe brun rouge et \u0153il de tigre dor\u00e9 brillant.<\/u><\/p>\n<p>Stratification de couches de ZENES DE BANDE (magn\u00e9tite et h\u00e9matite), qui se sont \u00e9chapp\u00e9es de volcans il y a environ 2,3 \u00e0 2,1 milliards d'ann\u00e9es et ont \u00e9t\u00e9 d\u00e9pos\u00e9es dans des fosses en eaux profondes, avec du quartz microcristallin (JASPIS).<\/p>\n<p>Dans les cavit\u00e9s s'est d'abord form\u00e9e la KROKYDOLITH (\u0153il de faucon) et plus tard, gr\u00e2ce \u00e0 l'intercalation de LIMONITE, l'\u0153il de tigre aux reflets dor\u00e9s.<\/p>\n<p>Bandet Iron Mine - Formation de supergroupes du Transvaal<\/p>\n<p>Province du Cap-Nord - Sud de l'AFRIQUE<\/p>\n<p>Poids : 1,5 kilogramme Dimensions : 13 x 9 x 7 cm<\/p>\n<p>Une face de coupe non polie .<\/p>","protected":false},"excerpt":{"rendered":"<p>Le fer tigr\u00e9 est un m\u00e9lange de min\u00e9raux avec des proportions variables de.... magn\u00e9tite\/h\u00e9matite noire m\u00e9tallique - jaspe brun rouge et \u0153il de tigre dor\u00e9 brillant. Couche par couche de ZENES DE BANDE (magn\u00e9tite et h\u00e9matite), qui se sont \u00e9chapp\u00e9es de volcans il y a environ 2,3 \u00e0 2,1 milliards d'ann\u00e9es et ont \u00e9t\u00e9 d\u00e9pos\u00e9es dans des fosses en eaux profondes, avec du quartz microcristallin (JASPIS). Dans les cavit\u00e9s s'est d'abord form\u00e9e de la KROKYDOLITH (\u0153il de faucon) puis [...].<\/p>","protected":false},"featured_media":3945,"template":"","meta":{"_acf_changed":false},"region":[],"product_brand":[],"product_cat":[15],"product_tag":[],"class_list":{"0":"post-2631","1":"product","2":"type-product","3":"status-publish","4":"has-post-thumbnail","6":"product_cat-mineralien","8":"first","9":"outofstock","10":"sold-individually","11":"product-type-simple"},"acf":[],"_links":{"self":[{"href":"https:\/\/westgem.shop\/fr\/wp-json\/wp\/v2\/product\/2631","targetHints":{"allow":["GET"]}}],"collection":[{"href":"https:\/\/westgem.shop\/fr\/wp-json\/wp\/v2\/product"}],"about":[{"href":"https:\/\/westgem.shop\/fr\/wp-json\/wp\/v2\/types\/product"}],"wp:featuredmedia":[{"embeddable":true,"href":"https:\/\/westgem.shop\/fr\/wp-json\/wp\/v2\/media\/3945"}],"wp:attachment":[{"href":"https:\/\/westgem.shop\/fr\/wp-json\/wp\/v2\/media?parent=2631"}],"wp:term":[{"taxonomy":"region","embeddable":true,"href":"https:\/\/westgem.shop\/fr\/wp-json\/wp\/v2\/region?post=2631"},{"taxonomy":"product_brand","embeddable":true,"href":"https:\/\/westgem.shop\/fr\/wp-json\/wp\/v2\/product_brand?post=2631"},{"taxonomy":"product_cat","embeddable":true,"href":"https:\/\/westgem.shop\/fr\/wp-json\/wp\/v2\/product_cat?post=2631"},{"taxonomy":"product_tag","embeddable":true,"href":"https:\/\/westgem.shop\/fr\/wp-json\/wp\/v2\/product_tag?post=2631"}],"curies":[{"name":"wp","href":"https:\/\/api.w.org\/{rel}","templated":true}]}}