{"id":2634,"date":"2001-08-18T00:00:00","date_gmt":"2001-08-18T00:00:00","guid":{"rendered":"https:\/\/miners.rocks\/product\/variscit-rohstein-utah-usa\/"},"modified":"2020-05-19T17:00:19","modified_gmt":"2020-05-19T17:00:19","slug":"variscit-pierre-brute-utah-usa","status":"publish","type":"product","link":"https:\/\/westgem.shop\/fr\/produit\/variscit-pierre-brute-utah-usa\/","title":{"rendered":"VARISCIT - Pierre brute - UTAH\/USA"},"content":{"rendered":"<p>VARISCIT ou UTAHLITH ou \"UTAH T\u00fcRKIS\" ( n'a rien \u00e0 voir avec le min\u00e9ral T\u00fcRKIS. !) Formule chimique : Al(PO4) + 2H2O<\/p>\n<p>Le min\u00e9ral VARISCIT se pr\u00e9sente sous forme de remplissage de fissures dans des roches riches en aluminium.<\/p>\n<p>Aux \u00c9tats-Unis, elle est \u00e9galement taill\u00e9e en pierres pr\u00e9cieuses sous le nom de \"UTAH T\u00fcRKIS\" ou utilis\u00e9e comme ornement pour les boucles de ceinture, etc.<\/p>\n<p>Le site de ces pierres est le Light Claim - Lontree - Utah - USA<\/p>\n<p>Poids : 1,10 kilogramme Dimensions : 15 x 10 x 8 cm<\/p>\n<p>Photos de tous les c\u00f4t\u00e9s<\/p>","protected":false},"excerpt":{"rendered":"<p>VARISCIT ou UTAHLITH ou \"UTAH T\u00fcRKIS\" ( n'a rien \u00e0 voir avec le min\u00e9ral T\u00fcRKIS !) Formule chimique : Al(PO4) + 2H2O Le min\u00e9ral VARISCIT se pr\u00e9sente comme remplissage de fissures de roches riches en aluminium. Aux Etats-Unis, il est \u00e9galement taill\u00e9 en pierres pr\u00e9cieuses sous le nom de \"UTAH T\u00fcRKIS\" ou utilis\u00e9 comme ornement pour les boucles de ceinture [...].<\/p>","protected":false},"featured_media":3956,"template":"","meta":{"_acf_changed":false},"region":[],"product_brand":[],"product_cat":[15],"product_tag":[],"class_list":{"0":"post-2634","1":"product","2":"type-product","3":"status-publish","4":"has-post-thumbnail","6":"product_cat-mineralien","8":"first","9":"outofstock","10":"sold-individually","11":"product-type-simple"},"acf":[],"_links":{"self":[{"href":"https:\/\/westgem.shop\/fr\/wp-json\/wp\/v2\/product\/2634","targetHints":{"allow":["GET"]}}],"collection":[{"href":"https:\/\/westgem.shop\/fr\/wp-json\/wp\/v2\/product"}],"about":[{"href":"https:\/\/westgem.shop\/fr\/wp-json\/wp\/v2\/types\/product"}],"wp:featuredmedia":[{"embeddable":true,"href":"https:\/\/westgem.shop\/fr\/wp-json\/wp\/v2\/media\/3956"}],"wp:attachment":[{"href":"https:\/\/westgem.shop\/fr\/wp-json\/wp\/v2\/media?parent=2634"}],"wp:term":[{"taxonomy":"region","embeddable":true,"href":"https:\/\/westgem.shop\/fr\/wp-json\/wp\/v2\/region?post=2634"},{"taxonomy":"product_brand","embeddable":true,"href":"https:\/\/westgem.shop\/fr\/wp-json\/wp\/v2\/product_brand?post=2634"},{"taxonomy":"product_cat","embeddable":true,"href":"https:\/\/westgem.shop\/fr\/wp-json\/wp\/v2\/product_cat?post=2634"},{"taxonomy":"product_tag","embeddable":true,"href":"https:\/\/westgem.shop\/fr\/wp-json\/wp\/v2\/product_tag?post=2634"}],"curies":[{"name":"wp","href":"https:\/\/api.w.org\/{rel}","templated":true}]}}