{"id":2635,"date":"2001-08-19T00:00:00","date_gmt":"2001-08-19T00:00:00","guid":{"rendered":"https:\/\/miners.rocks\/product\/rohstein-unakit-epidot\/"},"modified":"2020-05-19T17:00:20","modified_gmt":"2020-05-19T17:00:20","slug":"pierre-brute-unakite-epidote","status":"publish","type":"product","link":"https:\/\/westgem.shop\/fr\/produit\/pierre-brute-unakite-epidote\/","title":{"rendered":"Pierre brute UNAKIT - EPIDOT"},"content":{"rendered":"<p>UNAKIT est une roche compos\u00e9e des min\u00e9raux suivants : EPIDOT VERT - SPATE ROUGE DES CHAMPS et quartz<\/p>\n<p>Se forme par transformation de GRANIT.<\/p>\n<p>Dans le domaine de la bijouterie et de l'\u00e9sot\u00e9risme, on utilise aussi volontiers le nom fantaisiste de \"JASPIS FLEUR\". (n'a bien s\u00fbr rien \u00e0 voir avec le jaspe min\u00e9ral).<\/p>\n<p>Le nom UNAKIT provient du premier site de d\u00e9couverte, dans les montagnes Unaka, dans l'\u00c9tat de Caroline, aux \u00c9tats-Unis.<\/p>\n<p>Cette pierre provient de sites du sud de l'AFRIQUE.<\/p>\n<p>poids : <u> 3,30 kilogrammes<\/u>  Dimensions : 13 x 13 x 12 cm<\/p>\n<p>Photos de tous les c\u00f4t\u00e9s<\/p>","protected":false},"excerpt":{"rendered":"<p>L'UNAKIT est une roche compos\u00e9e des min\u00e9raux suivants : EPIDOT VERT - SPATE ROUGE DES CHAMPS et quartz Se forme par transformation \u00e0 partir de GRANIT. Dans le domaine de la bijouterie et de l'\u00e9sot\u00e9risme, on utilise aussi volontiers le nom fantaisiste de \"JASPIS FLEUR\". (Le nom UNAKIT provient du lieu de la premi\u00e8re d\u00e9couverte dans les montagnes Unaka dans l'Etat de Caroline [...].<\/p>","protected":false},"featured_media":3960,"template":"","meta":{"_acf_changed":false},"region":[],"product_brand":[],"product_cat":[15],"product_tag":[],"class_list":{"0":"post-2635","1":"product","2":"type-product","3":"status-publish","4":"has-post-thumbnail","6":"product_cat-mineralien","8":"first","9":"outofstock","10":"sold-individually","11":"product-type-simple"},"acf":[],"_links":{"self":[{"href":"https:\/\/westgem.shop\/fr\/wp-json\/wp\/v2\/product\/2635","targetHints":{"allow":["GET"]}}],"collection":[{"href":"https:\/\/westgem.shop\/fr\/wp-json\/wp\/v2\/product"}],"about":[{"href":"https:\/\/westgem.shop\/fr\/wp-json\/wp\/v2\/types\/product"}],"wp:featuredmedia":[{"embeddable":true,"href":"https:\/\/westgem.shop\/fr\/wp-json\/wp\/v2\/media\/3960"}],"wp:attachment":[{"href":"https:\/\/westgem.shop\/fr\/wp-json\/wp\/v2\/media?parent=2635"}],"wp:term":[{"taxonomy":"region","embeddable":true,"href":"https:\/\/westgem.shop\/fr\/wp-json\/wp\/v2\/region?post=2635"},{"taxonomy":"product_brand","embeddable":true,"href":"https:\/\/westgem.shop\/fr\/wp-json\/wp\/v2\/product_brand?post=2635"},{"taxonomy":"product_cat","embeddable":true,"href":"https:\/\/westgem.shop\/fr\/wp-json\/wp\/v2\/product_cat?post=2635"},{"taxonomy":"product_tag","embeddable":true,"href":"https:\/\/westgem.shop\/fr\/wp-json\/wp\/v2\/product_tag?post=2635"}],"curies":[{"name":"wp","href":"https:\/\/api.w.org\/{rel}","templated":true}]}}