{"id":2637,"date":"2001-08-21T00:00:00","date_gmt":"2001-08-21T00:00:00","guid":{"rendered":"https:\/\/miners.rocks\/product\/steinbock-handgeschnitzt\/"},"modified":"2020-05-19T17:00:21","modified_gmt":"2020-05-19T17:00:21","slug":"bouquetin-sculpte-a-la-main","status":"publish","type":"product","link":"https:\/\/westgem.shop\/fr\/produit\/bouquetin-sculpte-a-la-main\/","title":{"rendered":"BOQUE EN PIERRE Sculpt\u00e9e \u00e0 la main"},"content":{"rendered":"<p>D\u00e9tails pour l'art. DS092 STEINBOCK - Page d'accueil !<\/p>","protected":false},"excerpt":{"rendered":"<p>D\u00e9tails pour l'art. DS092 STEINBOCK - Page d'accueil !<\/p>","protected":false},"featured_media":3968,"template":"","meta":{"_acf_changed":false},"region":[],"product_brand":[],"product_cat":[15],"product_tag":[],"class_list":{"0":"post-2637","1":"product","2":"type-product","3":"status-publish","4":"has-post-thumbnail","6":"product_cat-mineralien","8":"first","9":"outofstock","10":"sold-individually","11":"product-type-simple"},"acf":[],"_links":{"self":[{"href":"https:\/\/westgem.shop\/fr\/wp-json\/wp\/v2\/product\/2637","targetHints":{"allow":["GET"]}}],"collection":[{"href":"https:\/\/westgem.shop\/fr\/wp-json\/wp\/v2\/product"}],"about":[{"href":"https:\/\/westgem.shop\/fr\/wp-json\/wp\/v2\/types\/product"}],"wp:featuredmedia":[{"embeddable":true,"href":"https:\/\/westgem.shop\/fr\/wp-json\/wp\/v2\/media\/3968"}],"wp:attachment":[{"href":"https:\/\/westgem.shop\/fr\/wp-json\/wp\/v2\/media?parent=2637"}],"wp:term":[{"taxonomy":"region","embeddable":true,"href":"https:\/\/westgem.shop\/fr\/wp-json\/wp\/v2\/region?post=2637"},{"taxonomy":"product_brand","embeddable":true,"href":"https:\/\/westgem.shop\/fr\/wp-json\/wp\/v2\/product_brand?post=2637"},{"taxonomy":"product_cat","embeddable":true,"href":"https:\/\/westgem.shop\/fr\/wp-json\/wp\/v2\/product_cat?post=2637"},{"taxonomy":"product_tag","embeddable":true,"href":"https:\/\/westgem.shop\/fr\/wp-json\/wp\/v2\/product_tag?post=2637"}],"curies":[{"name":"wp","href":"https:\/\/api.w.org\/{rel}","templated":true}]}}