{"id":2642,"date":"2001-08-26T00:00:00","date_gmt":"2001-08-26T00:00:00","guid":{"rendered":"https:\/\/miners.rocks\/product\/original-saurierzahn\/"},"modified":"2020-05-19T17:00:23","modified_gmt":"2020-05-19T17:00:23","slug":"dent-de-saurien-originale-2","status":"publish","type":"product","link":"https:\/\/westgem.shop\/fr\/produit\/dent-de-saurien-originale-2\/","title":{"rendered":"ORIGINAL - DENT DE SAURIEN"},"content":{"rendered":"<p>DENTS ORIGINALES D'UN MOSASAURIEN - environ 90 millions d'ann\u00e9es !<\/p>\n<p>Les MOSA SAURIENS \u00e9taient les plus grands dinosaures marins, mesurant jusqu'\u00e0 17 m\u00e8tres de long.<\/p>\n<p>Les WARANEs actuels sont probablement les plus proches des SAURIENS MOSA, disparus il y a 65 millions d'ann\u00e9es, m\u00eame s'ils sont beaucoup plus petits.<\/p>\n<p><u>Le CHEVAL ORIGINAL est assis sur la matrice ORIGINAL<\/u> - un PIERRE PHOSPHATE.<\/p>\n<p>Nous le mentionnons express\u00e9ment, car la marchandise marocaine bon march\u00e9 propos\u00e9e dans les foires et les march\u00e9s est en grande partie constitu\u00e9e de pi\u00e8ces mont\u00e9es. <\/p>\n<p>Poids : 270 g Dimensions : total 10 x 7 cm dent ; 5 x 3,5 cm<\/p>\n<p>Ces fossiles ont \u00e9t\u00e9 d\u00e9couverts dans les mines de phosphate de QUED ZEM.<\/p>\n<p>SAHARA - AFRIQUE DU NORD<\/p>\n<p><u>Autres dents originales MOSA SAURIR -<\/u><\/p>\n<p><u> vous trouverez dans la cat\u00e9gorie : FOSSILES<\/u><\/p>","protected":false},"excerpt":{"rendered":"<p>DENTES ORIGINALES d'un MOSASAURIEN - datant d'environ 90 millions d'ann\u00e9es ! Les WARANS actuels sont probablement les plus proches des MOSA SAURIENS, disparus il y a 65 millions d'ann\u00e9es, bien que beaucoup plus petits. Le DENTS ORIGINAL repose sur la matrice ORIGINALE [...].<\/p>","protected":false},"featured_media":3973,"template":"","meta":{"_acf_changed":false},"region":[],"product_brand":[],"product_cat":[15],"product_tag":[],"class_list":{"0":"post-2642","1":"product","2":"type-product","3":"status-publish","4":"has-post-thumbnail","6":"product_cat-mineralien","8":"first","9":"outofstock","10":"sold-individually","11":"product-type-simple"},"acf":[],"_links":{"self":[{"href":"https:\/\/westgem.shop\/fr\/wp-json\/wp\/v2\/product\/2642","targetHints":{"allow":["GET"]}}],"collection":[{"href":"https:\/\/westgem.shop\/fr\/wp-json\/wp\/v2\/product"}],"about":[{"href":"https:\/\/westgem.shop\/fr\/wp-json\/wp\/v2\/types\/product"}],"wp:featuredmedia":[{"embeddable":true,"href":"https:\/\/westgem.shop\/fr\/wp-json\/wp\/v2\/media\/3973"}],"wp:attachment":[{"href":"https:\/\/westgem.shop\/fr\/wp-json\/wp\/v2\/media?parent=2642"}],"wp:term":[{"taxonomy":"region","embeddable":true,"href":"https:\/\/westgem.shop\/fr\/wp-json\/wp\/v2\/region?post=2642"},{"taxonomy":"product_brand","embeddable":true,"href":"https:\/\/westgem.shop\/fr\/wp-json\/wp\/v2\/product_brand?post=2642"},{"taxonomy":"product_cat","embeddable":true,"href":"https:\/\/westgem.shop\/fr\/wp-json\/wp\/v2\/product_cat?post=2642"},{"taxonomy":"product_tag","embeddable":true,"href":"https:\/\/westgem.shop\/fr\/wp-json\/wp\/v2\/product_tag?post=2642"}],"curies":[{"name":"wp","href":"https:\/\/api.w.org\/{rel}","templated":true}]}}