{"id":2643,"date":"2001-08-27T00:00:00","date_gmt":"2001-08-27T00:00:00","guid":{"rendered":"https:\/\/miners.rocks\/product\/gelber-fluorit-xx-2\/"},"modified":"2020-05-19T17:00:24","modified_gmt":"2020-05-19T17:00:24","slug":"fluorite-jaune-xx-2","status":"publish","type":"product","link":"https:\/\/westgem.shop\/fr\/produit\/fluorite-jaune-xx-2\/","title":{"rendered":"FLUORITE jaune xx"},"content":{"rendered":"<p>Le min\u00e9ral FLUORITE ou FLU\u00dfSPAT se pr\u00e9sente sous forme de cristaux principalement dans les couleurs blanches, verd\u00e2tres ou zon\u00e9es dans les tons violets.<\/p>\n<p>En revanche, on ne trouve que rarement des FLUORITES bleues ou jaunes.<\/p>\n<p>Ce niveau de FLUORITE jaune avec des cristaux en forme de cube se trouve dans des veines de minerai poussi\u00e9reuses avec du BARYT et du quartz.<\/p>\n<p>De l'immense domaine minier AOULI de Qued Maulauya, d'une superficie d'environ 25 km2<\/p>\n<p>AFRIQUE DU NORD - MAROC<\/p>\n<p>Poids : 230 g Dimensions : 11 x 5 x 4 cm<\/p>","protected":false},"excerpt":{"rendered":"<p>Le min\u00e9ral FLUORITE ou FLU\u00dfSPAT se pr\u00e9sente sous forme cristalline principalement dans les couleurs blanches, verd\u00e2tres ou zon\u00e9es dans les tons violets. En revanche, on ne trouve que rarement des FLUORITES bleues ou jaunes. Ce niveau de FLUORITE jaune avec des cristaux en forme de cube se trouve dans des galeries de minerai poussi\u00e9reuses avec du BARYT et du quartz. Dans le vaste bassin minier d'AOULI, qui s'\u00e9tend sur environ 25 km2 [...].<\/p>","protected":false},"featured_media":3977,"template":"","meta":{"_acf_changed":false},"region":[],"product_brand":[],"product_cat":[15],"product_tag":[],"class_list":{"0":"post-2643","1":"product","2":"type-product","3":"status-publish","4":"has-post-thumbnail","6":"product_cat-mineralien","8":"first","9":"outofstock","10":"sold-individually","11":"product-type-simple"},"acf":[],"_links":{"self":[{"href":"https:\/\/westgem.shop\/fr\/wp-json\/wp\/v2\/product\/2643","targetHints":{"allow":["GET"]}}],"collection":[{"href":"https:\/\/westgem.shop\/fr\/wp-json\/wp\/v2\/product"}],"about":[{"href":"https:\/\/westgem.shop\/fr\/wp-json\/wp\/v2\/types\/product"}],"wp:featuredmedia":[{"embeddable":true,"href":"https:\/\/westgem.shop\/fr\/wp-json\/wp\/v2\/media\/3977"}],"wp:attachment":[{"href":"https:\/\/westgem.shop\/fr\/wp-json\/wp\/v2\/media?parent=2643"}],"wp:term":[{"taxonomy":"region","embeddable":true,"href":"https:\/\/westgem.shop\/fr\/wp-json\/wp\/v2\/region?post=2643"},{"taxonomy":"product_brand","embeddable":true,"href":"https:\/\/westgem.shop\/fr\/wp-json\/wp\/v2\/product_brand?post=2643"},{"taxonomy":"product_cat","embeddable":true,"href":"https:\/\/westgem.shop\/fr\/wp-json\/wp\/v2\/product_cat?post=2643"},{"taxonomy":"product_tag","embeddable":true,"href":"https:\/\/westgem.shop\/fr\/wp-json\/wp\/v2\/product_tag?post=2643"}],"curies":[{"name":"wp","href":"https:\/\/api.w.org\/{rel}","templated":true}]}}