{"id":2644,"date":"2001-08-28T00:00:00","date_gmt":"2001-08-28T00:00:00","guid":{"rendered":"https:\/\/miners.rocks\/product\/mosa-saurir-originalzahn\/"},"modified":"2020-05-19T17:00:24","modified_gmt":"2020-05-19T17:00:24","slug":"mosa-saurir-dent-originale","status":"publish","type":"product","link":"https:\/\/westgem.shop\/fr\/produit\/mosa-saurir-dent-originale\/","title":{"rendered":"MOSA SAURIR - DENT ORIGINALE"},"content":{"rendered":"<p>90 millions d'ann\u00e9es.<\/p>\n<p><u>DENTS SAURIR ORIGINALS sur matrice originale<\/u><\/p>\n<p>(- BIENS NON MONT\u00c9S de la foire !)<\/p>\n<p>DENTS DE SAURIEN MOSA sur PIERRE PHOSPHATE originale.<\/p>\n<p>Poids : 270 g Dimensions : 10 x 7 x 6 cm Dent : 5 cm de long<\/p>\n<p>Lieu de d\u00e9couverte - QUED ZEM - ATLAS du Milieu - AFRIQUE DU NORD<\/p>","protected":false},"excerpt":{"rendered":"<p>Vieux de 90 millions d'ann\u00e9es. DENTE DE SAURIEN ORIGINALE sur matrice originale (- PAS DE BON MARCH\u00c9 MONT\u00c9 de foire !) DENTE DE SAURIEN MOSA sur roche PHOSPHATE originale. Poids : 270 g Dimensions : 10 x 7 x 6 cm Dent : 5 cm de long Lieu de d\u00e9couverte - QUED ZEM - ATLAS moyen - AFRIQUE DU NORD<\/p>","protected":false},"featured_media":3980,"template":"","meta":{"_acf_changed":false},"region":[],"product_brand":[],"product_cat":[15],"product_tag":[],"class_list":{"0":"post-2644","1":"product","2":"type-product","3":"status-publish","4":"has-post-thumbnail","6":"product_cat-mineralien","8":"first","9":"outofstock","10":"sold-individually","11":"product-type-simple"},"acf":[],"_links":{"self":[{"href":"https:\/\/westgem.shop\/fr\/wp-json\/wp\/v2\/product\/2644","targetHints":{"allow":["GET"]}}],"collection":[{"href":"https:\/\/westgem.shop\/fr\/wp-json\/wp\/v2\/product"}],"about":[{"href":"https:\/\/westgem.shop\/fr\/wp-json\/wp\/v2\/types\/product"}],"wp:featuredmedia":[{"embeddable":true,"href":"https:\/\/westgem.shop\/fr\/wp-json\/wp\/v2\/media\/3980"}],"wp:attachment":[{"href":"https:\/\/westgem.shop\/fr\/wp-json\/wp\/v2\/media?parent=2644"}],"wp:term":[{"taxonomy":"region","embeddable":true,"href":"https:\/\/westgem.shop\/fr\/wp-json\/wp\/v2\/region?post=2644"},{"taxonomy":"product_brand","embeddable":true,"href":"https:\/\/westgem.shop\/fr\/wp-json\/wp\/v2\/product_brand?post=2644"},{"taxonomy":"product_cat","embeddable":true,"href":"https:\/\/westgem.shop\/fr\/wp-json\/wp\/v2\/product_cat?post=2644"},{"taxonomy":"product_tag","embeddable":true,"href":"https:\/\/westgem.shop\/fr\/wp-json\/wp\/v2\/product_tag?post=2644"}],"curies":[{"name":"wp","href":"https:\/\/api.w.org\/{rel}","templated":true}]}}