{"id":2645,"date":"2001-08-29T00:00:00","date_gmt":"2001-08-29T00:00:00","guid":{"rendered":"https:\/\/miners.rocks\/product\/ur-hai-zahn-original\/"},"modified":"2020-05-19T17:00:25","modified_gmt":"2020-05-19T17:00:25","slug":"dent-de-requin-ur-originale","status":"publish","type":"product","link":"https:\/\/westgem.shop\/fr\/produit\/dent-de-requin-ur-originale\/","title":{"rendered":"DENT DE REQUIN UR - ORIGINAL"},"content":{"rendered":"<p>Dent originale d'OTODUS OBLIQUUS - le HAI UR - sur matrice originale<\/p>\n<p>Exceptionnellement bien conserv\u00e9 - immacul\u00e9, sur PIERRE PHOSPHATE originale<\/p>\n<p>Les dents originales URHAI se reconnaissent aux petites dents \u00e0 la racine des dents - elles n'existent plus chez les HA\u00cfS vivants aujourd'hui !<\/p>\n<p>\u00c2ge de la Terre : TERITAIRE - Pal\u00e9oc\u00e8ne - il y a 60 millions d'ann\u00e9es<\/p>\n<p>localisation de la trouvaille : Plateau de phosphate - SAHARA OCCIDENTAL - AFRIQUE DU NORD<\/p>\n<p>Poids : 250 g Dimensions : 11 x 9 x 5 cm Dent : 7 cm de long<\/p>\n<p>L'image 3 est la face arri\u00e8re 1 support coulissant PLEXI est inclus GRATUITEMENT.<\/p>\n<p><u>Autres dents FOSSILE URHAI dans la cat\u00e9gorie : FOSSILES<\/u><\/p>","protected":false},"excerpt":{"rendered":"<p>Dent originale d'un OTODUS OBLIQUUS - le HAI UR - sur matrice originale Exceptionnellement bien conserv\u00e9e - sans d\u00e9faut, sur roche PHOSPHATE originale Les dents originales d'URHAI se reconnaissent aux petites dents \u00e0 la racine des dents - elles n'existent plus chez les HAIENS vivant actuellement ! Age de la terre : TERITAIRE - Pal\u00e9oc\u00e8ne - il y a 60 millions d'ann\u00e9es Lieu de d\u00e9couverte : [...].<\/p>","protected":false},"featured_media":3983,"template":"","meta":{"_acf_changed":false},"region":[],"product_brand":[],"product_cat":[15],"product_tag":[],"class_list":{"0":"post-2645","1":"product","2":"type-product","3":"status-publish","4":"has-post-thumbnail","6":"product_cat-mineralien","8":"first","9":"outofstock","10":"sold-individually","11":"product-type-simple"},"acf":[],"_links":{"self":[{"href":"https:\/\/westgem.shop\/fr\/wp-json\/wp\/v2\/product\/2645","targetHints":{"allow":["GET"]}}],"collection":[{"href":"https:\/\/westgem.shop\/fr\/wp-json\/wp\/v2\/product"}],"about":[{"href":"https:\/\/westgem.shop\/fr\/wp-json\/wp\/v2\/types\/product"}],"wp:featuredmedia":[{"embeddable":true,"href":"https:\/\/westgem.shop\/fr\/wp-json\/wp\/v2\/media\/3983"}],"wp:attachment":[{"href":"https:\/\/westgem.shop\/fr\/wp-json\/wp\/v2\/media?parent=2645"}],"wp:term":[{"taxonomy":"region","embeddable":true,"href":"https:\/\/westgem.shop\/fr\/wp-json\/wp\/v2\/region?post=2645"},{"taxonomy":"product_brand","embeddable":true,"href":"https:\/\/westgem.shop\/fr\/wp-json\/wp\/v2\/product_brand?post=2645"},{"taxonomy":"product_cat","embeddable":true,"href":"https:\/\/westgem.shop\/fr\/wp-json\/wp\/v2\/product_cat?post=2645"},{"taxonomy":"product_tag","embeddable":true,"href":"https:\/\/westgem.shop\/fr\/wp-json\/wp\/v2\/product_tag?post=2645"}],"curies":[{"name":"wp","href":"https:\/\/api.w.org\/{rel}","templated":true}]}}