{"id":2646,"date":"2001-08-30T00:00:00","date_gmt":"2001-08-30T00:00:00","guid":{"rendered":"https:\/\/miners.rocks\/product\/labradorit-aaa-canada\/"},"modified":"2020-05-19T17:00:25","modified_gmt":"2020-05-19T17:00:25","slug":"labradorite-aaa-canada","status":"publish","type":"product","link":"https:\/\/westgem.shop\/fr\/produit\/labradorite-aaa-canada\/","title":{"rendered":"LABRADORITE AAA - CANADA"},"content":{"rendered":"<p>Tripple A - LABRADORIT du CANADA<\/p>\n<p>Couleurs interf\u00e9rentielles bleu fonc\u00e9 de premi\u00e8re qualit\u00e9, mystiques, et plus intenses selon l'incidence de la lumi\u00e8re !<\/p>\n<p>Pendentif avec monture miroir en ARGENT pur et poli - Oeillet de pendentif \u00e9galement en ARGENT pur<\/p>\n<p>Poids : 16 g Dimensions : Longueur sur \u0153illet : 5 cm Largeur : 3 cm<\/p>\n<p>La cha\u00eene de collier illustr\u00e9e n'est PAS incluse dans la livraison.<\/p>\n<p>Dans la nature, ce pendentif est bien plus TOL\u00c9RANT que ce que l'on voit malheureusement sur les photos.<\/p>","protected":false},"excerpt":{"rendered":"<p>Tripple A - LABRADORITE du CANADA Couleurs d'interf\u00e9rence bleu fonc\u00e9 de premi\u00e8re classe, mystiques, selon l'incidence de la lumi\u00e8re, irisation plus intense ! Pendentif avec monture miroir en argent pur et brillant - anneau \u00e9galement en argent pur Poids : 16 g Dimensions : Longueur hors oeillet : 5 cm Largeur : 3 cm La cha\u00eene de collier illustr\u00e9e n'est PAS incluse dans la livraison. Au naturel, ce pendentif est bien plus TOP que [...].<\/p>","protected":false},"featured_media":3986,"template":"","meta":{"_acf_changed":false},"region":[],"product_brand":[],"product_cat":[15],"product_tag":[],"class_list":{"0":"post-2646","1":"product","2":"type-product","3":"status-publish","4":"has-post-thumbnail","6":"product_cat-mineralien","8":"first","9":"outofstock","10":"sold-individually","11":"product-type-simple"},"acf":[],"_links":{"self":[{"href":"https:\/\/westgem.shop\/fr\/wp-json\/wp\/v2\/product\/2646","targetHints":{"allow":["GET"]}}],"collection":[{"href":"https:\/\/westgem.shop\/fr\/wp-json\/wp\/v2\/product"}],"about":[{"href":"https:\/\/westgem.shop\/fr\/wp-json\/wp\/v2\/types\/product"}],"wp:featuredmedia":[{"embeddable":true,"href":"https:\/\/westgem.shop\/fr\/wp-json\/wp\/v2\/media\/3986"}],"wp:attachment":[{"href":"https:\/\/westgem.shop\/fr\/wp-json\/wp\/v2\/media?parent=2646"}],"wp:term":[{"taxonomy":"region","embeddable":true,"href":"https:\/\/westgem.shop\/fr\/wp-json\/wp\/v2\/region?post=2646"},{"taxonomy":"product_brand","embeddable":true,"href":"https:\/\/westgem.shop\/fr\/wp-json\/wp\/v2\/product_brand?post=2646"},{"taxonomy":"product_cat","embeddable":true,"href":"https:\/\/westgem.shop\/fr\/wp-json\/wp\/v2\/product_cat?post=2646"},{"taxonomy":"product_tag","embeddable":true,"href":"https:\/\/westgem.shop\/fr\/wp-json\/wp\/v2\/product_tag?post=2646"}],"curies":[{"name":"wp","href":"https:\/\/api.w.org\/{rel}","templated":true}]}}