{"id":2647,"date":"2001-08-31T00:00:00","date_gmt":"2001-08-31T00:00:00","guid":{"rendered":"https:\/\/miners.rocks\/product\/tansania-rubin-aa\/"},"modified":"2020-05-19T17:00:25","modified_gmt":"2020-05-19T17:00:25","slug":"tanzanie-rubis-aa","status":"publish","type":"product","link":"https:\/\/westgem.shop\/fr\/produit\/tanzanie-rubis-aa\/","title":{"rendered":"TANZANIE RUBIS AA"},"content":{"rendered":"<p>Excellente PI\u00c8CE INDIVIDUELLE - Grand cabochon facett\u00e9 d'une couleur de premi\u00e8re qualit\u00e9 - dans une monture miroir en argent pur poli miroir avec un grand anneau de pendentif en argent.<\/p>\n<p>La pierre : TANSANIA RUBIN dans une roche m\u00e8re ANYOLITH. Qualit\u00e9 AA<\/p>\n<p>L'ANYOLITH est une ZO\u00cfSE verte contenant des quantit\u00e9s d'AMPHIBOL noir.<\/p>\n<p>Le lieu de d\u00e9couverte des pierres brutes est la MINE LOGINDO dans la r\u00e9gion du Kilimandjaro au TANSANIE - - AFRIQUE<\/p>\n<p>RUBINE - SPINELLE ROUGE et GRANATES ROUGES \u00e9taient d\u00e9j\u00e0 consid\u00e9r\u00e9es dans l'Antiquit\u00e9 comme les \"pierres de l'amour\" et \u00e9taient offertes aux occasions appropri\u00e9es.<\/p>\n<p>Ce pendentif de cha\u00eene \"EYE CATCHER\" de premi\u00e8re qualit\u00e9 p\u00e8se 14 grammes.<\/p>\n<p>Tr\u00e8s grande forme de goutte avec les dimensions suivantes : 6 cm de long et 2,5 cm de large<\/p>\n<p>Photo 2 montre le pendentif sur une pierre brute ANYOLITH<\/p>\n<p>Le collier partiellement visible n'est pas compris dans la livraison.<\/p>\n<p>TOP PRIX !<\/p>","protected":false},"excerpt":{"rendered":"<p>Excellente PI\u00c8CE INDIVIDUELLE - Grand cabochon facett\u00e9 d'une couleur de premi\u00e8re qualit\u00e9 - dans une monture miroir en argent pur poli miroir avec un grand anneau de pendentif en argent. La pierre : TANSANIA RUBIN dans la pierre m\u00e8re ANYOLITH. Qualit\u00e9 AA L'ANYOLITH est une roche zo\u00efque verte avec des proportions d'AMPHIBOL noir Le lieu de d\u00e9couverte des pierres brutes est la MINE LOGINDO dans la r\u00e9gion du Kilimandjaro au TANSANIE - - [...].<\/p>","protected":false},"featured_media":3989,"template":"","meta":{"_acf_changed":false},"region":[],"product_brand":[],"product_cat":[15],"product_tag":[],"class_list":{"0":"post-2647","1":"product","2":"type-product","3":"status-publish","4":"has-post-thumbnail","6":"product_cat-mineralien","8":"first","9":"outofstock","10":"sold-individually","11":"product-type-simple"},"acf":[],"_links":{"self":[{"href":"https:\/\/westgem.shop\/fr\/wp-json\/wp\/v2\/product\/2647","targetHints":{"allow":["GET"]}}],"collection":[{"href":"https:\/\/westgem.shop\/fr\/wp-json\/wp\/v2\/product"}],"about":[{"href":"https:\/\/westgem.shop\/fr\/wp-json\/wp\/v2\/types\/product"}],"wp:featuredmedia":[{"embeddable":true,"href":"https:\/\/westgem.shop\/fr\/wp-json\/wp\/v2\/media\/3989"}],"wp:attachment":[{"href":"https:\/\/westgem.shop\/fr\/wp-json\/wp\/v2\/media?parent=2647"}],"wp:term":[{"taxonomy":"region","embeddable":true,"href":"https:\/\/westgem.shop\/fr\/wp-json\/wp\/v2\/region?post=2647"},{"taxonomy":"product_brand","embeddable":true,"href":"https:\/\/westgem.shop\/fr\/wp-json\/wp\/v2\/product_brand?post=2647"},{"taxonomy":"product_cat","embeddable":true,"href":"https:\/\/westgem.shop\/fr\/wp-json\/wp\/v2\/product_cat?post=2647"},{"taxonomy":"product_tag","embeddable":true,"href":"https:\/\/westgem.shop\/fr\/wp-json\/wp\/v2\/product_tag?post=2647"}],"curies":[{"name":"wp","href":"https:\/\/api.w.org\/{rel}","templated":true}]}}