{"id":2648,"date":"2001-09-01T00:00:00","date_gmt":"2001-09-01T00:00:00","guid":{"rendered":"https:\/\/miners.rocks\/product\/tripple-a-labradorit-canada\/"},"modified":"2020-05-19T17:00:26","modified_gmt":"2020-05-19T17:00:26","slug":"tripple-a-labradorit-canada","status":"publish","type":"product","link":"https:\/\/westgem.shop\/fr\/produit\/tripple-a-labradorit-canada\/","title":{"rendered":"Tripple A - LABRADORIT - CANADA"},"content":{"rendered":"<p>Cabochon de LABRADORITE de premi\u00e8re qualit\u00e9 - superbes couleurs interf\u00e9rentielles d'un bleu fonc\u00e9 profond, myst\u00e9rieux - mystique.<\/p>\n<p>Selon l'incidence de la lumi\u00e8re, irisation intense de la surface.<\/p>\n<p>Monture miroir travaill\u00e9e \u00e0 la main en argent STERLING SILBER pur - de m\u00eame que le grand anneau du pendentif.<\/p>\n<p>EXCELLENT ACCROCHE-REGARD !<\/p>\n<p>La pierre brute provient des premiers sites de LABRADORITE sur la p\u00e9ninsule du Labrador au Qu\u00e9bec - CANADA<\/p>\n<p>Poids : 16 g Taille : longueur sur \u0153illet : 4,5 cm Largeur : 2,5 cm<\/p>\n<p>La photo 3 montre le verso de LABRADORIT avec \u00e9galement de superbes couleurs<\/p>","protected":false},"excerpt":{"rendered":"<p>Cabochon de LABRADORITE de premi\u00e8re qualit\u00e9 - superbes couleurs interf\u00e9rentielles d'un bleu fonc\u00e9 profond, myst\u00e9rieux - mystique. Selon l'incidence de la lumi\u00e8re, l'irisation de la surface est plus ou moins intense. Monture miroir faite main en argent STERLING SILBER pur - ainsi que le grand anneau du pendentif. UN EXCELLENT ACCROCHE-REGARD ! La pierre brute provient des premiers sites de LABRADORITE sur la p\u00e9ninsule du Labrador au Qu\u00e9bec - CANADA Poids : 16 g Taille : La longueur sur l'\u0153illet est [...] &gt; D\u00e9tail<\/p>","protected":false},"featured_media":3992,"template":"","meta":{"_acf_changed":false},"region":[],"product_brand":[],"product_cat":[15],"product_tag":[],"class_list":{"0":"post-2648","1":"product","2":"type-product","3":"status-publish","4":"has-post-thumbnail","6":"product_cat-mineralien","8":"first","9":"outofstock","10":"sold-individually","11":"product-type-simple"},"acf":[],"_links":{"self":[{"href":"https:\/\/westgem.shop\/fr\/wp-json\/wp\/v2\/product\/2648","targetHints":{"allow":["GET"]}}],"collection":[{"href":"https:\/\/westgem.shop\/fr\/wp-json\/wp\/v2\/product"}],"about":[{"href":"https:\/\/westgem.shop\/fr\/wp-json\/wp\/v2\/types\/product"}],"wp:featuredmedia":[{"embeddable":true,"href":"https:\/\/westgem.shop\/fr\/wp-json\/wp\/v2\/media\/3992"}],"wp:attachment":[{"href":"https:\/\/westgem.shop\/fr\/wp-json\/wp\/v2\/media?parent=2648"}],"wp:term":[{"taxonomy":"region","embeddable":true,"href":"https:\/\/westgem.shop\/fr\/wp-json\/wp\/v2\/region?post=2648"},{"taxonomy":"product_brand","embeddable":true,"href":"https:\/\/westgem.shop\/fr\/wp-json\/wp\/v2\/product_brand?post=2648"},{"taxonomy":"product_cat","embeddable":true,"href":"https:\/\/westgem.shop\/fr\/wp-json\/wp\/v2\/product_cat?post=2648"},{"taxonomy":"product_tag","embeddable":true,"href":"https:\/\/westgem.shop\/fr\/wp-json\/wp\/v2\/product_tag?post=2648"}],"curies":[{"name":"wp","href":"https:\/\/api.w.org\/{rel}","templated":true}]}}