{"id":2649,"date":"2001-09-02T00:00:00","date_gmt":"2001-09-02T00:00:00","guid":{"rendered":"https:\/\/miners.rocks\/product\/madagaskar-rosenquarz-aa-4\/"},"modified":"2020-05-19T17:00:27","modified_gmt":"2020-05-19T17:00:27","slug":"quartz-rose-de-madagascar-aa-4","status":"publish","type":"product","link":"https:\/\/westgem.shop\/fr\/produit\/quartz-rose-de-madagascar-aa-4\/","title":{"rendered":"Madagascar QUARTZ ROSE AA"},"content":{"rendered":"<p>Pendentif de collier CABOCHON - Madagascar QUARTZ ROSE AA<\/p>\n<p>Monture de miroir et anneau de pendentif en ARGENT STERLING pur<\/p>\n<p>Pierre brute de la mine d'Ambojabao \u00e0 Madagascar - couleur naturelle - transparente - translucide .<\/p>\n<p>Pendentif poids 11 g Longueur avec oeillet : 4 cm Largeur : 2 cm<\/p>\n<p>Photographi\u00e9 sur un mica h\u00e9matite de Carinthie avec de la PYRITE de la Koralpe.<\/p>","protected":false},"excerpt":{"rendered":"<p>Pendentif CABOCHON - Madagascar QUARTZ ROSE AA Monture miroir et oeillet en pure pierre brute ARGENT STERLING de la mine d'Ambojabao \u00e0 Madagascar - couleur naturelle - transparent - translucide. Pendentif de 11 g Longueur avec oeillet : 4 cm Largeur : 2 cm Photographi\u00e9 sur une h\u00e9matite micac\u00e9e de Carinthie avec de la PYRITE de Koralpe.<\/p>","protected":false},"featured_media":3995,"template":"","meta":{"_acf_changed":false},"region":[],"product_brand":[],"product_cat":[15],"product_tag":[],"class_list":{"0":"post-2649","1":"product","2":"type-product","3":"status-publish","4":"has-post-thumbnail","6":"product_cat-mineralien","8":"first","9":"outofstock","10":"sold-individually","11":"product-type-simple"},"acf":[],"_links":{"self":[{"href":"https:\/\/westgem.shop\/fr\/wp-json\/wp\/v2\/product\/2649","targetHints":{"allow":["GET"]}}],"collection":[{"href":"https:\/\/westgem.shop\/fr\/wp-json\/wp\/v2\/product"}],"about":[{"href":"https:\/\/westgem.shop\/fr\/wp-json\/wp\/v2\/types\/product"}],"wp:featuredmedia":[{"embeddable":true,"href":"https:\/\/westgem.shop\/fr\/wp-json\/wp\/v2\/media\/3995"}],"wp:attachment":[{"href":"https:\/\/westgem.shop\/fr\/wp-json\/wp\/v2\/media?parent=2649"}],"wp:term":[{"taxonomy":"region","embeddable":true,"href":"https:\/\/westgem.shop\/fr\/wp-json\/wp\/v2\/region?post=2649"},{"taxonomy":"product_brand","embeddable":true,"href":"https:\/\/westgem.shop\/fr\/wp-json\/wp\/v2\/product_brand?post=2649"},{"taxonomy":"product_cat","embeddable":true,"href":"https:\/\/westgem.shop\/fr\/wp-json\/wp\/v2\/product_cat?post=2649"},{"taxonomy":"product_tag","embeddable":true,"href":"https:\/\/westgem.shop\/fr\/wp-json\/wp\/v2\/product_tag?post=2649"}],"curies":[{"name":"wp","href":"https:\/\/api.w.org\/{rel}","templated":true}]}}