{"id":2650,"date":"2001-09-03T00:00:00","date_gmt":"2001-09-03T00:00:00","guid":{"rendered":"https:\/\/miners.rocks\/product\/rosenquarz-aa-anhaenger-silber\/"},"modified":"2020-05-19T17:00:28","modified_gmt":"2020-05-19T17:00:28","slug":"quartz-rose-aa-pendentif-argent","status":"publish","type":"product","link":"https:\/\/westgem.shop\/fr\/produit\/quartz-rose-aa-pendentif-argent\/","title":{"rendered":"QUARTZ ROSE AA - Pendentif\/argent"},"content":{"rendered":"<p>Pendentif pour collier fait \u00e0 la main avec un quartz rose de Madagascar CABOCHON taill\u00e9 en forme de goutte.<\/p>\n<p>Argent STERLING pur et hautement poli pour la monture miroir et l'anneau du pendentif est \u00e9galement en argent.<\/p>\n<p>Le lieu de d\u00e9couverte de la mati\u00e8re premi\u00e8re est la mine d'Ambojabao \u00e0 Madagascar.<\/p>\n<p>Poids du pendentif : 13 g Dimensions : longueur sur \u0153illet : 4,5 cm largeur : 2,5 cm<\/p>\n<p>La photo 4 en contre-jour montre la transparence de la pierre .<\/p>","protected":false},"excerpt":{"rendered":"<p>Pendentif pour collier fait \u00e0 la main avec un quartz rose de Madagascar CABOCHON taill\u00e9 en forme de goutte. La monture miroir est en argent STERLING SILBER pur et poli et l'anneau du pendentif est \u00e9galement en argent. La mati\u00e8re premi\u00e8re a \u00e9t\u00e9 trouv\u00e9e dans la mine d'Ambojabao \u00e0 Madagascar. Poids du pendentif ; 13 g Dimensions : longueur sur \u0153illet 4,5 cm largeur : 2,5 cm La photo 4 en contre-jour montre la transparence de la pierre [...].<\/p>","protected":false},"featured_media":3998,"template":"","meta":{"_acf_changed":false},"region":[],"product_brand":[],"product_cat":[15],"product_tag":[],"class_list":{"0":"post-2650","1":"product","2":"type-product","3":"status-publish","4":"has-post-thumbnail","6":"product_cat-mineralien","8":"first","9":"outofstock","10":"sold-individually","11":"product-type-simple"},"acf":[],"_links":{"self":[{"href":"https:\/\/westgem.shop\/fr\/wp-json\/wp\/v2\/product\/2650","targetHints":{"allow":["GET"]}}],"collection":[{"href":"https:\/\/westgem.shop\/fr\/wp-json\/wp\/v2\/product"}],"about":[{"href":"https:\/\/westgem.shop\/fr\/wp-json\/wp\/v2\/types\/product"}],"wp:featuredmedia":[{"embeddable":true,"href":"https:\/\/westgem.shop\/fr\/wp-json\/wp\/v2\/media\/3998"}],"wp:attachment":[{"href":"https:\/\/westgem.shop\/fr\/wp-json\/wp\/v2\/media?parent=2650"}],"wp:term":[{"taxonomy":"region","embeddable":true,"href":"https:\/\/westgem.shop\/fr\/wp-json\/wp\/v2\/region?post=2650"},{"taxonomy":"product_brand","embeddable":true,"href":"https:\/\/westgem.shop\/fr\/wp-json\/wp\/v2\/product_brand?post=2650"},{"taxonomy":"product_cat","embeddable":true,"href":"https:\/\/westgem.shop\/fr\/wp-json\/wp\/v2\/product_cat?post=2650"},{"taxonomy":"product_tag","embeddable":true,"href":"https:\/\/westgem.shop\/fr\/wp-json\/wp\/v2\/product_tag?post=2650"}],"curies":[{"name":"wp","href":"https:\/\/api.w.org\/{rel}","templated":true}]}}