{"id":2651,"date":"2001-09-04T00:00:00","date_gmt":"2001-09-04T00:00:00","guid":{"rendered":"https:\/\/miners.rocks\/product\/vanadinit-xx-auf-baryt-xx\/"},"modified":"2020-05-19T17:00:28","modified_gmt":"2020-05-19T17:00:28","slug":"vanadinite-xx-sur-baryte-xx","status":"publish","type":"product","link":"https:\/\/westgem.shop\/fr\/produit\/vanadinite-xx-sur-baryte-xx\/","title":{"rendered":"VANADINIT xx sur BARYT xx"},"content":{"rendered":"<p>Petits cristaux de VANADINITE prismatiques courts, tabulaires, rouge fonc\u00e9, pos\u00e9s sur des pierres blanches de BARYT xx et de DOLOMITE.<\/p>\n<p>De minuscules cristaux de dolomite translucides et incolores sur les BARYT produisent, \u00e0 la lumi\u00e8re du soleil, un superbe \u00e9clat sur tout l'\u00e9tage - il n'est malheureusement pas possible de les rendre r\u00e9ellement sur la photo.<\/p>\n<p>localisation de la trouvaille : Mibladen - Maroc central - AFRIQUE DU NORD<\/p>\n<p>Poids de la marche : 530 g Dimensions : 14 x 10 x 4 cm<\/p>\n<p>La derni\u00e8re image est la face inf\u00e9rieure.<\/p>","protected":false},"excerpt":{"rendered":"<p>De petits cristaux de VANADINIT, prismatiques, tabulaires, rouge fonc\u00e9, sont pos\u00e9s sur des BARYT xx blancs et de la DOLOMITE. De minuscules cristaux de dolomite translucides et incolores sur les BARYT cr\u00e9ent un superbe \u00e9clat sur tout l'\u00e9tage \u00e0 la lumi\u00e8re du soleil - la photo ne permet malheureusement pas de le rendre r\u00e9el. Localisation de la trouvaille : Mibladen - Maroc central - AFRIQUE DU NORD Poids de la marche : 530 g Dimensions : [...]<\/p>","protected":false},"featured_media":4002,"template":"","meta":{"_acf_changed":false},"region":[],"product_brand":[],"product_cat":[15],"product_tag":[],"class_list":{"0":"post-2651","1":"product","2":"type-product","3":"status-publish","4":"has-post-thumbnail","6":"product_cat-mineralien","8":"first","9":"outofstock","10":"sold-individually","11":"product-type-simple"},"acf":[],"_links":{"self":[{"href":"https:\/\/westgem.shop\/fr\/wp-json\/wp\/v2\/product\/2651","targetHints":{"allow":["GET"]}}],"collection":[{"href":"https:\/\/westgem.shop\/fr\/wp-json\/wp\/v2\/product"}],"about":[{"href":"https:\/\/westgem.shop\/fr\/wp-json\/wp\/v2\/types\/product"}],"wp:featuredmedia":[{"embeddable":true,"href":"https:\/\/westgem.shop\/fr\/wp-json\/wp\/v2\/media\/4002"}],"wp:attachment":[{"href":"https:\/\/westgem.shop\/fr\/wp-json\/wp\/v2\/media?parent=2651"}],"wp:term":[{"taxonomy":"region","embeddable":true,"href":"https:\/\/westgem.shop\/fr\/wp-json\/wp\/v2\/region?post=2651"},{"taxonomy":"product_brand","embeddable":true,"href":"https:\/\/westgem.shop\/fr\/wp-json\/wp\/v2\/product_brand?post=2651"},{"taxonomy":"product_cat","embeddable":true,"href":"https:\/\/westgem.shop\/fr\/wp-json\/wp\/v2\/product_cat?post=2651"},{"taxonomy":"product_tag","embeddable":true,"href":"https:\/\/westgem.shop\/fr\/wp-json\/wp\/v2\/product_tag?post=2651"}],"curies":[{"name":"wp","href":"https:\/\/api.w.org\/{rel}","templated":true}]}}