{"id":2652,"date":"2001-09-05T00:00:00","date_gmt":"2001-09-05T00:00:00","guid":{"rendered":"https:\/\/miners.rocks\/product\/kobaltbluete-erythrin-xx\/"},"modified":"2020-05-19T17:00:29","modified_gmt":"2020-05-19T17:00:29","slug":"bleu-de-cobalt-erythrine-xx","status":"publish","type":"product","link":"https:\/\/westgem.shop\/fr\/produit\/bleu-de-cobalt-erythrine-xx\/","title":{"rendered":"FLEUR DE COBALT - ERYTHRINE xx"},"content":{"rendered":"<p>Rayonnant - agr\u00e9gats de cristaux en forme de feuilles - rouge fleur de p\u00eacher -<\/p>\n<p>L'ERYTHRINE, ou BLUTE DE COBALT, est un min\u00e9ral conducteur important pour les gisements de cobalt.<\/p>\n<p>Site de Bou Azzer - Bassin minier de l'Anti Atlas - AFRIQUE DU NORD<\/p>\n<p>Poids:125 g Dimensions : 7 x 5 x 4 cm<\/p>","protected":false},"excerpt":{"rendered":"<p>Agr\u00e9gats de cristaux rayonnants - feuillet\u00e9s - rouge fleur de p\u00eacher - L'ERYTHRINE ou FLEUR DE COBALT est un min\u00e9ral conducteur important pour les gisements de cobalt. Lieu de d\u00e9couverte Bou Azzer - Bassin minier de l'Anti Atlas - AFRIQUE DU NORD Poids:125 g Dimensions : 7 x 5 x 4 cm<\/p>","protected":false},"featured_media":4007,"template":"","meta":{"_acf_changed":false},"region":[],"product_brand":[],"product_cat":[15],"product_tag":[],"class_list":{"0":"post-2652","1":"product","2":"type-product","3":"status-publish","4":"has-post-thumbnail","6":"product_cat-mineralien","8":"first","9":"outofstock","10":"sold-individually","11":"product-type-simple"},"acf":[],"_links":{"self":[{"href":"https:\/\/westgem.shop\/fr\/wp-json\/wp\/v2\/product\/2652","targetHints":{"allow":["GET"]}}],"collection":[{"href":"https:\/\/westgem.shop\/fr\/wp-json\/wp\/v2\/product"}],"about":[{"href":"https:\/\/westgem.shop\/fr\/wp-json\/wp\/v2\/types\/product"}],"wp:featuredmedia":[{"embeddable":true,"href":"https:\/\/westgem.shop\/fr\/wp-json\/wp\/v2\/media\/4007"}],"wp:attachment":[{"href":"https:\/\/westgem.shop\/fr\/wp-json\/wp\/v2\/media?parent=2652"}],"wp:term":[{"taxonomy":"region","embeddable":true,"href":"https:\/\/westgem.shop\/fr\/wp-json\/wp\/v2\/region?post=2652"},{"taxonomy":"product_brand","embeddable":true,"href":"https:\/\/westgem.shop\/fr\/wp-json\/wp\/v2\/product_brand?post=2652"},{"taxonomy":"product_cat","embeddable":true,"href":"https:\/\/westgem.shop\/fr\/wp-json\/wp\/v2\/product_cat?post=2652"},{"taxonomy":"product_tag","embeddable":true,"href":"https:\/\/westgem.shop\/fr\/wp-json\/wp\/v2\/product_tag?post=2652"}],"curies":[{"name":"wp","href":"https:\/\/api.w.org\/{rel}","templated":true}]}}