{"id":2653,"date":"2001-09-06T00:00:00","date_gmt":"2001-09-06T00:00:00","guid":{"rendered":"https:\/\/miners.rocks\/product\/vanadinit-xx-auf-baryt-xx-2\/"},"modified":"2020-05-19T17:00:29","modified_gmt":"2020-05-19T17:00:29","slug":"vanadinite-xx-sur-baryte-xx-2","status":"publish","type":"product","link":"https:\/\/westgem.shop\/fr\/produit\/vanadinite-xx-sur-baryte-xx-2\/","title":{"rendered":"VANADINIT xx sur BARYT xx"},"content":{"rendered":"<p>De minuscules cristaux de dolomite incolores r\u00e9fractent la lumi\u00e8re mille fois - c'est magnifique !<\/p>\n<p>Ces cristaux de DOLOMITE sont pos\u00e9s sur des bouquets de BARYT, sur lesquels se trouvent des cristaux de VANADINITE brun clair.<\/p>\n<p>Malheureusement, ces effets de lumi\u00e8re ne peuvent pas \u00eatre reproduits r\u00e9ellement avec l'appareil photo ( sans retouche en studio).<\/p>\n<p>Le lieu de d\u00e9couverte est le c\u00e9l\u00e8bre site de MIBLADEN au Maroc central.<\/p>\n<p>Poids : 310 g Dimensions : 11 x 7 x 5 cm<\/p>","protected":false},"excerpt":{"rendered":"<p>Ce niveau pr\u00e9sente un v\u00e9ritable feu d'artifice de paillettes \u00e0 la lumi\u00e8re du soleil. De minuscules cristaux incolores de DOLOMITE r\u00e9fractent mille fois la lumi\u00e8re - c'est merveilleux ! Ces cristaux de DOLOMITE sont pos\u00e9s sur des bouquets de BARYT, sur lesquels se trouvent des cristaux de VANADINITE brun clair. Malheureusement, ces effets de lumi\u00e8re ne peuvent pas \u00eatre rendus par la cam\u00e9ra (sans retouche en studio). Le lieu de la d\u00e9couverte est le c\u00e9l\u00e8bre site de MIBLADEN [...].<\/p>","protected":false},"featured_media":4011,"template":"","meta":{"_acf_changed":false},"region":[],"product_brand":[],"product_cat":[15],"product_tag":[],"class_list":{"0":"post-2653","1":"product","2":"type-product","3":"status-publish","4":"has-post-thumbnail","6":"product_cat-mineralien","8":"first","9":"outofstock","10":"sold-individually","11":"product-type-simple"},"acf":[],"_links":{"self":[{"href":"https:\/\/westgem.shop\/fr\/wp-json\/wp\/v2\/product\/2653","targetHints":{"allow":["GET"]}}],"collection":[{"href":"https:\/\/westgem.shop\/fr\/wp-json\/wp\/v2\/product"}],"about":[{"href":"https:\/\/westgem.shop\/fr\/wp-json\/wp\/v2\/types\/product"}],"wp:featuredmedia":[{"embeddable":true,"href":"https:\/\/westgem.shop\/fr\/wp-json\/wp\/v2\/media\/4011"}],"wp:attachment":[{"href":"https:\/\/westgem.shop\/fr\/wp-json\/wp\/v2\/media?parent=2653"}],"wp:term":[{"taxonomy":"region","embeddable":true,"href":"https:\/\/westgem.shop\/fr\/wp-json\/wp\/v2\/region?post=2653"},{"taxonomy":"product_brand","embeddable":true,"href":"https:\/\/westgem.shop\/fr\/wp-json\/wp\/v2\/product_brand?post=2653"},{"taxonomy":"product_cat","embeddable":true,"href":"https:\/\/westgem.shop\/fr\/wp-json\/wp\/v2\/product_cat?post=2653"},{"taxonomy":"product_tag","embeddable":true,"href":"https:\/\/westgem.shop\/fr\/wp-json\/wp\/v2\/product_tag?post=2653"}],"curies":[{"name":"wp","href":"https:\/\/api.w.org\/{rel}","templated":true}]}}