{"id":2655,"date":"2001-09-08T00:00:00","date_gmt":"2001-09-08T00:00:00","guid":{"rendered":"https:\/\/miners.rocks\/product\/malachit-spezial-2\/"},"modified":"2020-05-19T17:00:30","modified_gmt":"2020-05-19T17:00:30","slug":"malachite-speciale-2","status":"publish","type":"product","link":"https:\/\/westgem.shop\/fr\/produit\/malachite-speciale-2\/","title":{"rendered":"Malachite SP\u00c9CIAL"},"content":{"rendered":"<p>Malachite aciculaire \u00e0 rayons radiaux AGGREGATE - velout\u00e9 brillant.<\/p>\n<p>Pseudomorphe transform\u00e9 en AZURITE . Dans des cavernes de DOLOMITE silicifi\u00e9e avec de la LIMONITE comme garniture de cavit\u00e9s.<\/p>\n<p>On conna\u00eet la malachite de diff\u00e9rents gisements et sites, mais on n'avait encore jamais vu de telles malachites.<\/p>\n<p>Les collectionneurs devraient l'acheter, il n'y a pas beaucoup de niveaux de ce mat\u00e9riel sur le march\u00e9.<\/p>\n<p>localisation de la trouvaille : KERRUCHEN - Bassin minier de l'AOULI<\/p>\n<p>ATLAS - AFRIQUE DU NORD<\/p>\n<p>Poids : 370 g Dimensions : 10 x 8 x 5 cm<\/p>","protected":false},"excerpt":{"rendered":"<p>Malachite aciculaire \u00e0 rayons radiaux AGGREGATE - aspect velout\u00e9 et brillant. Pseudomorphe transform\u00e9 en AZURITE . Dans des cavernes de DOLOMITE silicifi\u00e9e avec de la LIMONITE comme garniture de cavit\u00e9s. On conna\u00eet la malachite de diff\u00e9rents gisements et lieux de d\u00e9couverte, mais on n'avait encore jamais vu de telles malachites. Les collectionneurs devraient s'en emparer, il n'y a pas beaucoup d'\u00e9chantillons de ce mat\u00e9riau sur le march\u00e9. Localisation de la trouvaille : KERRUCHEN - AOULI [...].<\/p>","protected":false},"featured_media":4018,"template":"","meta":{"_acf_changed":false},"region":[],"product_brand":[],"product_cat":[15],"product_tag":[],"class_list":{"0":"post-2655","1":"product","2":"type-product","3":"status-publish","4":"has-post-thumbnail","6":"product_cat-mineralien","8":"first","9":"outofstock","10":"sold-individually","11":"product-type-simple"},"acf":[],"_links":{"self":[{"href":"https:\/\/westgem.shop\/fr\/wp-json\/wp\/v2\/product\/2655","targetHints":{"allow":["GET"]}}],"collection":[{"href":"https:\/\/westgem.shop\/fr\/wp-json\/wp\/v2\/product"}],"about":[{"href":"https:\/\/westgem.shop\/fr\/wp-json\/wp\/v2\/types\/product"}],"wp:featuredmedia":[{"embeddable":true,"href":"https:\/\/westgem.shop\/fr\/wp-json\/wp\/v2\/media\/4018"}],"wp:attachment":[{"href":"https:\/\/westgem.shop\/fr\/wp-json\/wp\/v2\/media?parent=2655"}],"wp:term":[{"taxonomy":"region","embeddable":true,"href":"https:\/\/westgem.shop\/fr\/wp-json\/wp\/v2\/region?post=2655"},{"taxonomy":"product_brand","embeddable":true,"href":"https:\/\/westgem.shop\/fr\/wp-json\/wp\/v2\/product_brand?post=2655"},{"taxonomy":"product_cat","embeddable":true,"href":"https:\/\/westgem.shop\/fr\/wp-json\/wp\/v2\/product_cat?post=2655"},{"taxonomy":"product_tag","embeddable":true,"href":"https:\/\/westgem.shop\/fr\/wp-json\/wp\/v2\/product_tag?post=2655"}],"curies":[{"name":"wp","href":"https:\/\/api.w.org\/{rel}","templated":true}]}}