{"id":2656,"date":"2001-09-09T00:00:00","date_gmt":"2001-09-09T00:00:00","guid":{"rendered":"https:\/\/miners.rocks\/product\/original-saurir-zahn\/"},"modified":"2020-05-19T17:00:31","modified_gmt":"2020-05-19T17:00:31","slug":"dent-de-saurir-originale","status":"publish","type":"product","link":"https:\/\/westgem.shop\/fr\/produit\/dent-de-saurir-originale\/","title":{"rendered":"Dent de SAURIR originale"},"content":{"rendered":"<p><u>Original <\/u>DENTES DE SAURIER dans une matrice de roche phosphat\u00e9e originale<\/p>\n<p>dent de MOSA SAURIER d'environ 90 millions d'ann\u00e9es<\/p>\n<p>localisation de la trouvaille : Plateau de phosphate - SAHARA OCCIDENTALE<\/p>\n<p>Afrique du Nord<\/p>\n<p>poids de cette pi\u00e8ce : 430 g<\/p>\n<p>  Dimensions : 10 x 10 x 6 cm- dent : 5 cm de long et 3,5 cm de large<\/p>","protected":false},"excerpt":{"rendered":"<p>DENTE DE SAURIEN originale dans matrice de phosphate originale Dent de SAURIEN MOSA datant d'environ 90 millions d'ann\u00e9es Lieu de d\u00e9couverte : Plateau de phosphate - SAHARA OCCIDENTAL Afrique du Nord Poids de cette pi\u00e8ce : 430 g Dimensions : 10 x 10 x 6 cm- Dent : 5 cm de long et 3,5 cm de large<\/p>","protected":false},"featured_media":4022,"template":"","meta":{"_acf_changed":false},"region":[],"product_brand":[],"product_cat":[15],"product_tag":[],"class_list":{"0":"post-2656","1":"product","2":"type-product","3":"status-publish","4":"has-post-thumbnail","6":"product_cat-mineralien","8":"first","9":"outofstock","10":"sold-individually","11":"product-type-simple"},"acf":[],"_links":{"self":[{"href":"https:\/\/westgem.shop\/fr\/wp-json\/wp\/v2\/product\/2656","targetHints":{"allow":["GET"]}}],"collection":[{"href":"https:\/\/westgem.shop\/fr\/wp-json\/wp\/v2\/product"}],"about":[{"href":"https:\/\/westgem.shop\/fr\/wp-json\/wp\/v2\/types\/product"}],"wp:featuredmedia":[{"embeddable":true,"href":"https:\/\/westgem.shop\/fr\/wp-json\/wp\/v2\/media\/4022"}],"wp:attachment":[{"href":"https:\/\/westgem.shop\/fr\/wp-json\/wp\/v2\/media?parent=2656"}],"wp:term":[{"taxonomy":"region","embeddable":true,"href":"https:\/\/westgem.shop\/fr\/wp-json\/wp\/v2\/region?post=2656"},{"taxonomy":"product_brand","embeddable":true,"href":"https:\/\/westgem.shop\/fr\/wp-json\/wp\/v2\/product_brand?post=2656"},{"taxonomy":"product_cat","embeddable":true,"href":"https:\/\/westgem.shop\/fr\/wp-json\/wp\/v2\/product_cat?post=2656"},{"taxonomy":"product_tag","embeddable":true,"href":"https:\/\/westgem.shop\/fr\/wp-json\/wp\/v2\/product_tag?post=2656"}],"curies":[{"name":"wp","href":"https:\/\/api.w.org\/{rel}","templated":true}]}}