{"id":2657,"date":"2001-09-10T00:00:00","date_gmt":"2001-09-10T00:00:00","guid":{"rendered":"https:\/\/miners.rocks\/product\/ur-hai-zahn-originalfossil\/"},"modified":"2020-05-19T17:00:31","modified_gmt":"2020-05-19T17:00:31","slug":"dent-de-requin-ur-fossile-original","status":"publish","type":"product","link":"https:\/\/westgem.shop\/fr\/produit\/dent-de-requin-ur-fossile-original\/","title":{"rendered":"UR HAI ZAHN - fossile original"},"content":{"rendered":"<p>Dent parfaite, grande et intacte d'un HA\u00cf UR - datant d'environ 60 millions d'ann\u00e9es .<\/p>\n<p>ORIGINAL FOSSIL ET ORIGINAL MATRIX !<\/p>\n<p>Description d\u00e9taill\u00e9e pour l'art. sur la page d'accueil !<\/p>\n<p>Poids : 350 g Dimensions : total 13 x 9 x 4 cm<\/p>\n<p>Dent originale avec racine : 7 cm de long et 4 cm de large<\/p>","protected":false},"excerpt":{"rendered":"<p>Dent parfaite, grande et intacte d'un HA\u00cf UR - \u00e2g\u00e9e d'environ 60 millions d'ann\u00e9es . FOSSILE ORIGINAL ET MATRICE ORIGINALE ! Description d\u00e9taill\u00e9e dans l'art. sur la page d'accueil ! Poids : 350 g Dimensions : total 13 x 9 x 4 cm Dent originale avec racine : 7 cm de long et 4 cm de large<\/p>","protected":false},"featured_media":4024,"template":"","meta":{"_acf_changed":false},"region":[],"product_brand":[],"product_cat":[15],"product_tag":[],"class_list":{"0":"post-2657","1":"product","2":"type-product","3":"status-publish","4":"has-post-thumbnail","6":"product_cat-mineralien","8":"first","9":"outofstock","10":"sold-individually","11":"product-type-simple"},"acf":[],"_links":{"self":[{"href":"https:\/\/westgem.shop\/fr\/wp-json\/wp\/v2\/product\/2657","targetHints":{"allow":["GET"]}}],"collection":[{"href":"https:\/\/westgem.shop\/fr\/wp-json\/wp\/v2\/product"}],"about":[{"href":"https:\/\/westgem.shop\/fr\/wp-json\/wp\/v2\/types\/product"}],"wp:featuredmedia":[{"embeddable":true,"href":"https:\/\/westgem.shop\/fr\/wp-json\/wp\/v2\/media\/4024"}],"wp:attachment":[{"href":"https:\/\/westgem.shop\/fr\/wp-json\/wp\/v2\/media?parent=2657"}],"wp:term":[{"taxonomy":"region","embeddable":true,"href":"https:\/\/westgem.shop\/fr\/wp-json\/wp\/v2\/region?post=2657"},{"taxonomy":"product_brand","embeddable":true,"href":"https:\/\/westgem.shop\/fr\/wp-json\/wp\/v2\/product_brand?post=2657"},{"taxonomy":"product_cat","embeddable":true,"href":"https:\/\/westgem.shop\/fr\/wp-json\/wp\/v2\/product_cat?post=2657"},{"taxonomy":"product_tag","embeddable":true,"href":"https:\/\/westgem.shop\/fr\/wp-json\/wp\/v2\/product_tag?post=2657"}],"curies":[{"name":"wp","href":"https:\/\/api.w.org\/{rel}","templated":true}]}}