{"id":2658,"date":"2001-09-11T00:00:00","date_gmt":"2001-09-11T00:00:00","guid":{"rendered":"https:\/\/miners.rocks\/product\/aa-extra-amethyst-xx-uruguay-2\/"},"modified":"2020-05-19T17:00:32","modified_gmt":"2020-05-19T17:00:32","slug":"aa-extra-amethyste-xx-uruguay-2","status":"publish","type":"product","link":"https:\/\/westgem.shop\/fr\/produit\/aa-extra-amethyste-xx-uruguay-2\/","title":{"rendered":"AA EXTRA AMETHYST xx - URUGUAY"},"content":{"rendered":"<p><u>AMETHYST xx - Qualit\u00e9 AA EXTRA<\/u><\/p>\n<p>COULEUR NATURELLE intense ( NON irradi\u00e9e !) <\/p>\n<p> Matrice naturelle - ACHAT-CHALCEDON ( PAS comme les am\u00e9thystes et drusen br\u00e9siliens bon march\u00e9 - BETON color\u00e9 en vert ! )<\/p>\n<p>BECKER MINE - ARTIGAS - URUGUAY<\/p>\n<p>Poids : 350 g Dimensions : 12 x 8 x 6 cm<\/p>\n<p>2 images photographi\u00e9es avec une protection des bords du papier <\/p>","protected":false},"excerpt":{"rendered":"<p>AMETHYSTE xx - Qualit\u00e9 AA COULEUR NATURELLE EXTRA INTENSE ( PAS irradi\u00e9e !) Matrice naturelle - ACHAT-CHALCEDON ( PAS comme les am\u00e9thystes et drusen br\u00e9siliens bon march\u00e9 - b\u00e9ton color\u00e9 vert ! ) MINE BECKER - ARTIGAS - URUGUAY Poids : 350 g Dimensions : 12 x 8 x 6 cm 2 images photographi\u00e9es avec protection des bords du papier<\/p>","protected":false},"featured_media":4027,"template":"","meta":{"_acf_changed":false},"region":[],"product_brand":[],"product_cat":[15],"product_tag":[],"class_list":{"0":"post-2658","1":"product","2":"type-product","3":"status-publish","4":"has-post-thumbnail","6":"product_cat-mineralien","8":"first","9":"outofstock","10":"sold-individually","11":"product-type-simple"},"acf":[],"_links":{"self":[{"href":"https:\/\/westgem.shop\/fr\/wp-json\/wp\/v2\/product\/2658","targetHints":{"allow":["GET"]}}],"collection":[{"href":"https:\/\/westgem.shop\/fr\/wp-json\/wp\/v2\/product"}],"about":[{"href":"https:\/\/westgem.shop\/fr\/wp-json\/wp\/v2\/types\/product"}],"wp:featuredmedia":[{"embeddable":true,"href":"https:\/\/westgem.shop\/fr\/wp-json\/wp\/v2\/media\/4027"}],"wp:attachment":[{"href":"https:\/\/westgem.shop\/fr\/wp-json\/wp\/v2\/media?parent=2658"}],"wp:term":[{"taxonomy":"region","embeddable":true,"href":"https:\/\/westgem.shop\/fr\/wp-json\/wp\/v2\/region?post=2658"},{"taxonomy":"product_brand","embeddable":true,"href":"https:\/\/westgem.shop\/fr\/wp-json\/wp\/v2\/product_brand?post=2658"},{"taxonomy":"product_cat","embeddable":true,"href":"https:\/\/westgem.shop\/fr\/wp-json\/wp\/v2\/product_cat?post=2658"},{"taxonomy":"product_tag","embeddable":true,"href":"https:\/\/westgem.shop\/fr\/wp-json\/wp\/v2\/product_tag?post=2658"}],"curies":[{"name":"wp","href":"https:\/\/api.w.org\/{rel}","templated":true}]}}