{"id":2659,"date":"2001-09-12T00:00:00","date_gmt":"2001-09-12T00:00:00","guid":{"rendered":"https:\/\/miners.rocks\/product\/hildegard-jaspis-roh\/"},"modified":"2020-05-19T17:00:34","modified_gmt":"2020-05-19T17:00:34","slug":"hildegard-jaspis-brut","status":"publish","type":"product","link":"https:\/\/westgem.shop\/fr\/produit\/hildegard-jaspis-brut\/","title":{"rendered":"\"Hildegard\" Jaspis - ROH"},"content":{"rendered":"<p>Tr\u00e8s beau jaspe jaune-rouge avec de petites ACHATES comme PIERRE BRUTE.<\/p>\n<p>Le nom \"Hildegard Jaspis\" vient de Hildegard von Bingen, qui a d\u00e9crit cette vari\u00e9t\u00e9 de jaspe comme une \"de ses pierres de gu\u00e9rison particuli\u00e8res\". Ce jaspe avec des parties en ACHATANE a \u00e9t\u00e9 trouv\u00e9 \u00e0 l'\u00e9poque dans la r\u00e9gion de Bingen sur le Rhin, c'est-\u00e0-dire IDAR-OBERSTEIN, le HUNSR\u00dcCK et jusqu'en SAARLAND.<\/p>\n<p>Cette pi\u00e8ce provient de TIDIKELT en ALG\u00c9RIE - AFRIQUE DU NORD<\/p>\n<p>Poids : 1 kilogramme Dim.:14 x 10 x 7 cm <\/p>","protected":false},"excerpt":{"rendered":"<p>Tr\u00e8s beau jaspe jaune-rouge avec de petites ACHATES comme pierre brute. Le nom \"Hildegard Jaspis\" vient de Hildegard von Bingen, qui a d\u00e9crit cette vari\u00e9t\u00e9 de jaspe comme une \"de ses pierres de gu\u00e9rison particuli\u00e8res\". Ce jaspe avec des parties d'ACHATANE a \u00e9t\u00e9 trouv\u00e9 \u00e0 l'\u00e9poque dans la r\u00e9gion de Bingen sur le Rhin, c'est-\u00e0-dire IDAR-OBERSTEIN, le HUNSR\u00dcCK et jusqu'au [...].<\/p>","protected":false},"featured_media":4032,"template":"","meta":{"_acf_changed":false},"region":[],"product_brand":[],"product_cat":[15],"product_tag":[],"class_list":{"0":"post-2659","1":"product","2":"type-product","3":"status-publish","4":"has-post-thumbnail","6":"product_cat-mineralien","8":"first","9":"outofstock","10":"sold-individually","11":"product-type-simple"},"acf":[],"_links":{"self":[{"href":"https:\/\/westgem.shop\/fr\/wp-json\/wp\/v2\/product\/2659","targetHints":{"allow":["GET"]}}],"collection":[{"href":"https:\/\/westgem.shop\/fr\/wp-json\/wp\/v2\/product"}],"about":[{"href":"https:\/\/westgem.shop\/fr\/wp-json\/wp\/v2\/types\/product"}],"wp:featuredmedia":[{"embeddable":true,"href":"https:\/\/westgem.shop\/fr\/wp-json\/wp\/v2\/media\/4032"}],"wp:attachment":[{"href":"https:\/\/westgem.shop\/fr\/wp-json\/wp\/v2\/media?parent=2659"}],"wp:term":[{"taxonomy":"region","embeddable":true,"href":"https:\/\/westgem.shop\/fr\/wp-json\/wp\/v2\/region?post=2659"},{"taxonomy":"product_brand","embeddable":true,"href":"https:\/\/westgem.shop\/fr\/wp-json\/wp\/v2\/product_brand?post=2659"},{"taxonomy":"product_cat","embeddable":true,"href":"https:\/\/westgem.shop\/fr\/wp-json\/wp\/v2\/product_cat?post=2659"},{"taxonomy":"product_tag","embeddable":true,"href":"https:\/\/westgem.shop\/fr\/wp-json\/wp\/v2\/product_tag?post=2659"}],"curies":[{"name":"wp","href":"https:\/\/api.w.org\/{rel}","templated":true}]}}