{"id":2660,"date":"2001-09-13T00:00:00","date_gmt":"2001-09-13T00:00:00","guid":{"rendered":"https:\/\/miners.rocks\/product\/baeumchen-calcit\/"},"modified":"2020-05-19T17:00:35","modified_gmt":"2020-05-19T17:00:35","slug":"baeumchen-calcit","status":"publish","type":"product","link":"https:\/\/westgem.shop\/fr\/produit\/baeumchen-calcit\/","title":{"rendered":"\"PETIT ARBRE\" CALCITE"},"content":{"rendered":"<p>Rare. attractif - inhabituel.<\/p>\n<p>Arbres\" noirs de DENDRITEN dans des CALCITES blanches comme la neige.<\/p>\n<p>Ce qui est inhabituel avec ces DENDRITS MANGAN, c'est qu'ils sont enferm\u00e9s en trois dimensions dans la CALCITE.<\/p>\n<p>Ces pierres brutes ont \u00e9t\u00e9 trouv\u00e9es \u00e0 MIDELT, dans les montagnes d'ATLASGE.<\/p>\n<p>AFRIQUE DU NORD<\/p>\n<p>Poids : 760 g Dimensions : 12 x 11 x 8 cm<\/p>\n<p>  L'image 3 est la matrice calcaire du fond<\/p>","protected":false},"excerpt":{"rendered":"<p>Rare. attractif - inhabituel. Des \"petits arbres\" de DENDRITES noires dans une CALCITE blanche comme la neige. Ce qui est inhabituel chez ces DENDRITES MANGAN, c'est qu'elles sont enferm\u00e9es en trois dimensions dans la CALCITE. Le lieu de d\u00e9couverte de ces pierres brutes est MIDELT dans le massif de l'ATLASGE en AFRIQUE DU NORD Poids : 760 g Dimensions : 12 x 11 x 8 cm La photo 3 montre la matrice calcaire du dessous.<\/p>","protected":false},"featured_media":4035,"template":"","meta":{"_acf_changed":false},"region":[],"product_brand":[],"product_cat":[15],"product_tag":[],"class_list":{"0":"post-2660","1":"product","2":"type-product","3":"status-publish","4":"has-post-thumbnail","6":"product_cat-mineralien","8":"first","9":"outofstock","10":"sold-individually","11":"product-type-simple"},"acf":[],"_links":{"self":[{"href":"https:\/\/westgem.shop\/fr\/wp-json\/wp\/v2\/product\/2660","targetHints":{"allow":["GET"]}}],"collection":[{"href":"https:\/\/westgem.shop\/fr\/wp-json\/wp\/v2\/product"}],"about":[{"href":"https:\/\/westgem.shop\/fr\/wp-json\/wp\/v2\/types\/product"}],"wp:featuredmedia":[{"embeddable":true,"href":"https:\/\/westgem.shop\/fr\/wp-json\/wp\/v2\/media\/4035"}],"wp:attachment":[{"href":"https:\/\/westgem.shop\/fr\/wp-json\/wp\/v2\/media?parent=2660"}],"wp:term":[{"taxonomy":"region","embeddable":true,"href":"https:\/\/westgem.shop\/fr\/wp-json\/wp\/v2\/region?post=2660"},{"taxonomy":"product_brand","embeddable":true,"href":"https:\/\/westgem.shop\/fr\/wp-json\/wp\/v2\/product_brand?post=2660"},{"taxonomy":"product_cat","embeddable":true,"href":"https:\/\/westgem.shop\/fr\/wp-json\/wp\/v2\/product_cat?post=2660"},{"taxonomy":"product_tag","embeddable":true,"href":"https:\/\/westgem.shop\/fr\/wp-json\/wp\/v2\/product_tag?post=2660"}],"curies":[{"name":"wp","href":"https:\/\/api.w.org\/{rel}","templated":true}]}}