{"id":2662,"date":"2001-09-15T00:00:00","date_gmt":"2001-09-15T00:00:00","guid":{"rendered":"https:\/\/miners.rocks\/product\/moosachat-roh\/"},"modified":"2020-05-19T17:00:36","modified_gmt":"2020-05-19T17:00:36","slug":"agate-de-mousse-brute","status":"publish","type":"product","link":"https:\/\/westgem.shop\/fr\/produit\/agate-de-mousse-brute\/","title":{"rendered":"\" MOOSACHAT\" BRUT"},"content":{"rendered":"<p>\"MOOSACHT\" n'est en fait PAS une ACHAT - mais une CHALCEDONE incolore avec des inclusions d'HORNBLENDE verte ou de CHLORITE.<\/p>\n<p>Cette pi\u00e8ce est polie d'un c\u00f4t\u00e9 et provient du<\/p>\n<p>Plateau de DEKKAN en INDE<\/p>\n<p>Poids : 360 g Dimensions : 1^4 x 9 x 3 cm<\/p>","protected":false},"excerpt":{"rendered":"<p>\"MOOSACHT\" n'est en fait PAS une ACHAT - mais une CHALCEDON incolore avec des inclusions de HORNBLENDE verte ou de CHLORITE. Cette pi\u00e8ce est polie d'un c\u00f4t\u00e9 et provient du plateau de DEKKAN en INDE Poids : 360 g Dimensions : 1^4 x 9 x 3 cm<\/p>","protected":false},"featured_media":4040,"template":"","meta":{"_acf_changed":false},"region":[],"product_brand":[],"product_cat":[15],"product_tag":[],"class_list":{"0":"post-2662","1":"product","2":"type-product","3":"status-publish","4":"has-post-thumbnail","6":"product_cat-mineralien","8":"first","9":"outofstock","10":"sold-individually","11":"product-type-simple"},"acf":[],"_links":{"self":[{"href":"https:\/\/westgem.shop\/fr\/wp-json\/wp\/v2\/product\/2662","targetHints":{"allow":["GET"]}}],"collection":[{"href":"https:\/\/westgem.shop\/fr\/wp-json\/wp\/v2\/product"}],"about":[{"href":"https:\/\/westgem.shop\/fr\/wp-json\/wp\/v2\/types\/product"}],"wp:featuredmedia":[{"embeddable":true,"href":"https:\/\/westgem.shop\/fr\/wp-json\/wp\/v2\/media\/4040"}],"wp:attachment":[{"href":"https:\/\/westgem.shop\/fr\/wp-json\/wp\/v2\/media?parent=2662"}],"wp:term":[{"taxonomy":"region","embeddable":true,"href":"https:\/\/westgem.shop\/fr\/wp-json\/wp\/v2\/region?post=2662"},{"taxonomy":"product_brand","embeddable":true,"href":"https:\/\/westgem.shop\/fr\/wp-json\/wp\/v2\/product_brand?post=2662"},{"taxonomy":"product_cat","embeddable":true,"href":"https:\/\/westgem.shop\/fr\/wp-json\/wp\/v2\/product_cat?post=2662"},{"taxonomy":"product_tag","embeddable":true,"href":"https:\/\/westgem.shop\/fr\/wp-json\/wp\/v2\/product_tag?post=2662"}],"curies":[{"name":"wp","href":"https:\/\/api.w.org\/{rel}","templated":true}]}}