{"id":2663,"date":"2001-09-16T00:00:00","date_gmt":"2001-09-16T00:00:00","guid":{"rendered":"https:\/\/miners.rocks\/product\/zitronen-chrysopras-australien\/"},"modified":"2020-05-19T17:00:36","modified_gmt":"2020-05-19T17:00:36","slug":"citron-chrysopras-australie","status":"publish","type":"product","link":"https:\/\/westgem.shop\/fr\/produit\/citron-chrysopras-australie\/","title":{"rendered":"\" Citrons - CHRYSOPRAS \" Australie"},"content":{"rendered":"<p>Sous le nom fantaisiste de \"CITRON CHRYSOPRAS\", on trouve sur le march\u00e9 de la bijouterie et de l'\u00e9sot\u00e9risme un min\u00e9ral qui, en raison de son nom, pr\u00e9tend \u00eatre un CHRYSOPRAS - malheureusement, ce n'est pas le cas !<\/p>\n<p>CHRYSOPRAS est d\u00e9j\u00e0 tr\u00e8s rare \u00e0 obtenir dans de bonnes qualit\u00e9s et donc relativement cher. CHRYSORAS est le repr\u00e9sentant le plus noble de CHALCEDONE.<\/p>\n<p>La \"chrysoprase citron\" est une MAGNESITE color\u00e9e de jaune \u00e0 jaune verd\u00e2tre par le NICKEL. Par rapport \u00e0 la v\u00e9ritable CHRYSOPRAS, cette MAGNESITE poss\u00e8de une duret\u00e9 Mohs beaucoup plus faible et n'est pas transparente.<\/p>\n<p>N\u00e9anmoins, c'est un min\u00e9ral tr\u00e8s int\u00e9ressant que l'on trouve dans l'Eastern Goldfield Area en Australie occidentale.<\/p>\n<p>Le poids de notre derni\u00e8re pi\u00e8ce - avec une face coup\u00e9e - est de 240 g.<\/p>\n<p>Dimensions : 8 x 6 x 5 cm<\/p>","protected":false},"excerpt":{"rendered":"<p>Sous le nom fantaisiste de \"CHRYSOPRAS CITRON\", on trouve sur le march\u00e9 de la bijouterie et de l'\u00e9sot\u00e9risme un min\u00e9ral dont le nom laisse croire qu'il s'agit d'un CHRYSOPRAS - malheureusement, il n'en est rien ! CHRYSOPRAS est d\u00e9j\u00e0 tr\u00e8s rare \u00e0 obtenir en bonne qualit\u00e9 et donc relativement cher. CHRYSORAS est le repr\u00e9sentant le plus noble des CHALCEDONE. \"Citron ou chrysoprase citron \" [...]<\/p>","protected":false},"featured_media":4043,"template":"","meta":{"_acf_changed":false},"region":[],"product_brand":[],"product_cat":[15],"product_tag":[],"class_list":{"0":"post-2663","1":"product","2":"type-product","3":"status-publish","4":"has-post-thumbnail","6":"product_cat-mineralien","8":"first","9":"outofstock","10":"sold-individually","11":"product-type-simple"},"acf":[],"_links":{"self":[{"href":"https:\/\/westgem.shop\/fr\/wp-json\/wp\/v2\/product\/2663","targetHints":{"allow":["GET"]}}],"collection":[{"href":"https:\/\/westgem.shop\/fr\/wp-json\/wp\/v2\/product"}],"about":[{"href":"https:\/\/westgem.shop\/fr\/wp-json\/wp\/v2\/types\/product"}],"wp:featuredmedia":[{"embeddable":true,"href":"https:\/\/westgem.shop\/fr\/wp-json\/wp\/v2\/media\/4043"}],"wp:attachment":[{"href":"https:\/\/westgem.shop\/fr\/wp-json\/wp\/v2\/media?parent=2663"}],"wp:term":[{"taxonomy":"region","embeddable":true,"href":"https:\/\/westgem.shop\/fr\/wp-json\/wp\/v2\/region?post=2663"},{"taxonomy":"product_brand","embeddable":true,"href":"https:\/\/westgem.shop\/fr\/wp-json\/wp\/v2\/product_brand?post=2663"},{"taxonomy":"product_cat","embeddable":true,"href":"https:\/\/westgem.shop\/fr\/wp-json\/wp\/v2\/product_cat?post=2663"},{"taxonomy":"product_tag","embeddable":true,"href":"https:\/\/westgem.shop\/fr\/wp-json\/wp\/v2\/product_tag?post=2663"}],"curies":[{"name":"wp","href":"https:\/\/api.w.org\/{rel}","templated":true}]}}