{"id":2664,"date":"2001-09-17T00:00:00","date_gmt":"2001-09-17T00:00:00","guid":{"rendered":"https:\/\/miners.rocks\/product\/eisenglimmer-mit-pyrit\/"},"modified":"2020-05-19T17:00:36","modified_gmt":"2020-05-19T17:00:36","slug":"fer-micace-avec-pyrite","status":"publish","type":"product","link":"https:\/\/westgem.shop\/fr\/produit\/fer-micace-avec-pyrite\/","title":{"rendered":"LAME DE FER avec PYRITE"},"content":{"rendered":"<p>De la seule exploitation mini\u00e8re actuellement en activit\u00e9 en Carinthie.<\/p>\n<p>Waldensteiner EISENGLIMMER avec PYRIT.<\/p>\n<p>Le mica h\u00e9matite est transform\u00e9 en peintures antirouille de haute qualit\u00e9 et export\u00e9 dans le monde entier.<\/p>\n<p>Le poids de cette pi\u00e8ce est de 360 g Dimensions : 12 x 7 x 3 cm<\/p>","protected":false},"excerpt":{"rendered":"<p>De la seule mine actuellement en activit\u00e9 en Carinthie. MIROIR DE FER de Waldenstein avec PYRITE. Le mica h\u00e9matite est transform\u00e9 en peintures antirouille de haute qualit\u00e9 et export\u00e9 dans le monde entier. Le poids de cette pi\u00e8ce est de 360 g Dimensions : 12 x 7 x 3 cm<\/p>","protected":false},"featured_media":4047,"template":"","meta":{"_acf_changed":false},"region":[],"product_brand":[],"product_cat":[15],"product_tag":[],"class_list":{"0":"post-2664","1":"product","2":"type-product","3":"status-publish","4":"has-post-thumbnail","6":"product_cat-mineralien","8":"first","9":"outofstock","10":"sold-individually","11":"product-type-simple"},"acf":[],"_links":{"self":[{"href":"https:\/\/westgem.shop\/fr\/wp-json\/wp\/v2\/product\/2664","targetHints":{"allow":["GET"]}}],"collection":[{"href":"https:\/\/westgem.shop\/fr\/wp-json\/wp\/v2\/product"}],"about":[{"href":"https:\/\/westgem.shop\/fr\/wp-json\/wp\/v2\/types\/product"}],"wp:featuredmedia":[{"embeddable":true,"href":"https:\/\/westgem.shop\/fr\/wp-json\/wp\/v2\/media\/4047"}],"wp:attachment":[{"href":"https:\/\/westgem.shop\/fr\/wp-json\/wp\/v2\/media?parent=2664"}],"wp:term":[{"taxonomy":"region","embeddable":true,"href":"https:\/\/westgem.shop\/fr\/wp-json\/wp\/v2\/region?post=2664"},{"taxonomy":"product_brand","embeddable":true,"href":"https:\/\/westgem.shop\/fr\/wp-json\/wp\/v2\/product_brand?post=2664"},{"taxonomy":"product_cat","embeddable":true,"href":"https:\/\/westgem.shop\/fr\/wp-json\/wp\/v2\/product_cat?post=2664"},{"taxonomy":"product_tag","embeddable":true,"href":"https:\/\/westgem.shop\/fr\/wp-json\/wp\/v2\/product_tag?post=2664"}],"curies":[{"name":"wp","href":"https:\/\/api.w.org\/{rel}","templated":true}]}}