{"id":2665,"date":"2001-09-18T00:00:00","date_gmt":"2001-09-18T00:00:00","guid":{"rendered":"https:\/\/miners.rocks\/product\/steinsalz-xx-mit-selenit-xx\/"},"modified":"2020-05-19T17:00:37","modified_gmt":"2020-05-19T17:00:37","slug":"sel-gemme-xx-avec-selenite-xx","status":"publish","type":"product","link":"https:\/\/westgem.shop\/fr\/produit\/sel-gemme-xx-avec-selenite-xx\/","title":{"rendered":"STEINSALZ xx avec SELENIT xx"},"content":{"rendered":"<p>Tr\u00e8s beau niveau de min\u00e9ralisation, tr\u00e8s int\u00e9ressant -<\/p>\n<p>Cristaux blancs et transparents de HALITE = SALLE DE PIERRE en grappes, associ\u00e9s \u00e0 de nombreux cristaux de S\u00c9L\u00c9NITE de couleur orange (parfois avec des faces terminales en queue d'aronde).<\/p>\n<p>Le site se trouve \u00e0 40 m\u00e8tres sous le niveau de la mer.<\/p>\n<p>MINAS DE PARACAS - PISCO sur l'Oc\u00e9an Pacifique - P\u00c9ROU<\/p>\n<p>Ces marches sont assez rares, car on ne les voit quasiment jamais chez les revendeurs, m\u00eame sur le web.<\/p>\n<p>Niveau : Poids : 570 g Dimensions : 16 x 10 x 7 cm<\/p>\n<p>La derni\u00e8re photo montre la face inf\u00e9rieure - \u00e9galement avec du sel gemme et de la s\u00e9l\u00e9nite .<\/p>","protected":false},"excerpt":{"rendered":"<p>Tr\u00e8s beau niveau min\u00e9ral tr\u00e8s int\u00e9ressant - Cristaux blancs et transparents d'HALITE = SELENITE en grappe, associ\u00e9s \u00e0 de nombreux cristaux de SELENITE de couleur orange (parfois des faces terminales en queue d'aronde) Le site se trouve \u00e0 MINAS DE PARACAS - PISCO, \u00e0 40 m\u00e8tres sous le niveau de la mer, sur l'Oc\u00e9an Pacifique - PERU Ces niveaux sont assez rares, car ils ne sont pratiquement jamais vendus chez les marchands, m\u00eame sur le web [...].<\/p>","protected":false},"featured_media":4050,"template":"","meta":{"_acf_changed":false},"region":[],"product_brand":[],"product_cat":[15],"product_tag":[],"class_list":{"0":"post-2665","1":"product","2":"type-product","3":"status-publish","4":"has-post-thumbnail","6":"product_cat-mineralien","8":"first","9":"outofstock","10":"sold-individually","11":"product-type-simple"},"acf":[],"_links":{"self":[{"href":"https:\/\/westgem.shop\/fr\/wp-json\/wp\/v2\/product\/2665","targetHints":{"allow":["GET"]}}],"collection":[{"href":"https:\/\/westgem.shop\/fr\/wp-json\/wp\/v2\/product"}],"about":[{"href":"https:\/\/westgem.shop\/fr\/wp-json\/wp\/v2\/types\/product"}],"wp:featuredmedia":[{"embeddable":true,"href":"https:\/\/westgem.shop\/fr\/wp-json\/wp\/v2\/media\/4050"}],"wp:attachment":[{"href":"https:\/\/westgem.shop\/fr\/wp-json\/wp\/v2\/media?parent=2665"}],"wp:term":[{"taxonomy":"region","embeddable":true,"href":"https:\/\/westgem.shop\/fr\/wp-json\/wp\/v2\/region?post=2665"},{"taxonomy":"product_brand","embeddable":true,"href":"https:\/\/westgem.shop\/fr\/wp-json\/wp\/v2\/product_brand?post=2665"},{"taxonomy":"product_cat","embeddable":true,"href":"https:\/\/westgem.shop\/fr\/wp-json\/wp\/v2\/product_cat?post=2665"},{"taxonomy":"product_tag","embeddable":true,"href":"https:\/\/westgem.shop\/fr\/wp-json\/wp\/v2\/product_tag?post=2665"}],"curies":[{"name":"wp","href":"https:\/\/api.w.org\/{rel}","templated":true}]}}