{"id":2667,"date":"2001-09-20T00:00:00","date_gmt":"2001-09-20T00:00:00","guid":{"rendered":"https:\/\/miners.rocks\/product\/gruene-turmalin-xx-in-bergkristall\/"},"modified":"2020-05-19T17:00:38","modified_gmt":"2020-05-19T17:00:38","slug":"tourmaline-verte-xx-en-cristal-de-roche","status":"publish","type":"product","link":"https:\/\/westgem.shop\/fr\/produit\/tourmaline-verte-xx-en-cristal-de-roche\/","title":{"rendered":"TURMALINE verte xx en CRISTAL DE MONTAGNE"},"content":{"rendered":"<p>Cristaux verts de TURMALINE dans du CRISTAL DE MONTAGNE clair et brillant .<\/p>\n<p>Qualit\u00e9 AA.<\/p>\n<p>Taill\u00e9 et poli de tous c\u00f4t\u00e9s - TOP pi\u00e8ce de la province d'Antananarivo \u00e0 Madagascar.<\/p>\n<p>Poids : 250 g Dimensions : 9 x 7 x 4 cm<\/p>","protected":false},"excerpt":{"rendered":"<p>Cristaux verts de TURMALINE dans du CRISTAL DE MONTAGNE clair et brillant . Qualit\u00e9 AA, en pierres pr\u00e9cieuses. Taill\u00e9 et poli de tous c\u00f4t\u00e9s - pi\u00e8ce TOP de la province d'Antananarivo \u00e0 Madagascar. Poids : 250 g Dimensions : 9 x 7 x 4 cm<\/p>","protected":false},"featured_media":4057,"template":"","meta":{"_acf_changed":false},"region":[],"product_brand":[],"product_cat":[15],"product_tag":[],"class_list":{"0":"post-2667","1":"product","2":"type-product","3":"status-publish","4":"has-post-thumbnail","6":"product_cat-mineralien","8":"first","9":"outofstock","10":"sold-individually","11":"product-type-simple"},"acf":[],"_links":{"self":[{"href":"https:\/\/westgem.shop\/fr\/wp-json\/wp\/v2\/product\/2667","targetHints":{"allow":["GET"]}}],"collection":[{"href":"https:\/\/westgem.shop\/fr\/wp-json\/wp\/v2\/product"}],"about":[{"href":"https:\/\/westgem.shop\/fr\/wp-json\/wp\/v2\/types\/product"}],"wp:featuredmedia":[{"embeddable":true,"href":"https:\/\/westgem.shop\/fr\/wp-json\/wp\/v2\/media\/4057"}],"wp:attachment":[{"href":"https:\/\/westgem.shop\/fr\/wp-json\/wp\/v2\/media?parent=2667"}],"wp:term":[{"taxonomy":"region","embeddable":true,"href":"https:\/\/westgem.shop\/fr\/wp-json\/wp\/v2\/region?post=2667"},{"taxonomy":"product_brand","embeddable":true,"href":"https:\/\/westgem.shop\/fr\/wp-json\/wp\/v2\/product_brand?post=2667"},{"taxonomy":"product_cat","embeddable":true,"href":"https:\/\/westgem.shop\/fr\/wp-json\/wp\/v2\/product_cat?post=2667"},{"taxonomy":"product_tag","embeddable":true,"href":"https:\/\/westgem.shop\/fr\/wp-json\/wp\/v2\/product_tag?post=2667"}],"curies":[{"name":"wp","href":"https:\/\/api.w.org\/{rel}","templated":true}]}}