{"id":2668,"date":"2001-09-21T00:00:00","date_gmt":"2001-09-21T00:00:00","guid":{"rendered":"https:\/\/miners.rocks\/product\/wulfenit-xx-bleiberg\/"},"modified":"2020-05-19T17:00:39","modified_gmt":"2020-05-19T17:00:39","slug":"wulfenit-xx-montagne-de-plomb","status":"publish","type":"product","link":"https:\/\/westgem.shop\/fr\/produit\/wulfenit-xx-montagne-de-plomb\/","title":{"rendered":"WULFENIT xx - BLEIBERG"},"content":{"rendered":"<p><u>TOPRARIT\u00c9 !<\/u><\/p>\n<p><u>WULFENIT STUFE de la TYPLOKALIT\u00c9 BLEIBERG\/KREUTH<\/u><\/p>\n<p>GRUBE STEFANIE<\/p>\n<p>Site mondialement connu - WULFENIT = GELBBLEIERZ, a \u00e9t\u00e9 trouv\u00e9 et d\u00e9crit ici pour la premi\u00e8re fois en 1785 par le naturaliste autrichien Franz Xaver Freiherr von WULFEN.<\/p>\n<p>La mine est ferm\u00e9e depuis 20 ans - on y a extrait du PLOMB et du ZINC pendant 800 ans. La longueur totale des galeries est de plus de 1.200 KILOM\u00c8TRES !<\/p>\n<p> Les WULFENITE BLEIBERGER ne sont pratiquement PAS disponibles dans le commerce, m\u00eame nous n'avons que tr\u00e8s peu de pi\u00e8ces en stock provenant d'anciennes collections...<\/p>\n<p>Ce niveau : Poids : 310 g Dimensions : 11 x 6 x 5 cm<\/p>\n<p><u>SUPER PRIX !<\/u><\/p>","protected":false},"excerpt":{"rendered":"<p>TOPRARIT\u00c9 ! WULFENIT STUFE de la TYPLOCALIT\u00c9 BLEIBERG\/KREUTH MINE STEFANIE Site mondialement connu - WULFENIT = GELBBLEIERZ, a \u00e9t\u00e9 trouv\u00e9 et d\u00e9crit ici pour la premi\u00e8re fois en 1785 par le naturaliste autrichien Franz Xaver Freiherr von WULFEN. La mine est ferm\u00e9e depuis 20 ans - on y a extrait du BLEI et du ZINC pendant 800 ans. Longueur totale de la galerie : plus de 1.200 KILOM\u00c8TRES [...].<\/p>","protected":false},"featured_media":4061,"template":"","meta":{"_acf_changed":false},"region":[],"product_brand":[],"product_cat":[15],"product_tag":[],"class_list":{"0":"post-2668","1":"product","2":"type-product","3":"status-publish","4":"has-post-thumbnail","6":"product_cat-mineralien","8":"first","9":"outofstock","10":"sold-individually","11":"product-type-simple"},"acf":[],"_links":{"self":[{"href":"https:\/\/westgem.shop\/fr\/wp-json\/wp\/v2\/product\/2668","targetHints":{"allow":["GET"]}}],"collection":[{"href":"https:\/\/westgem.shop\/fr\/wp-json\/wp\/v2\/product"}],"about":[{"href":"https:\/\/westgem.shop\/fr\/wp-json\/wp\/v2\/types\/product"}],"wp:featuredmedia":[{"embeddable":true,"href":"https:\/\/westgem.shop\/fr\/wp-json\/wp\/v2\/media\/4061"}],"wp:attachment":[{"href":"https:\/\/westgem.shop\/fr\/wp-json\/wp\/v2\/media?parent=2668"}],"wp:term":[{"taxonomy":"region","embeddable":true,"href":"https:\/\/westgem.shop\/fr\/wp-json\/wp\/v2\/region?post=2668"},{"taxonomy":"product_brand","embeddable":true,"href":"https:\/\/westgem.shop\/fr\/wp-json\/wp\/v2\/product_brand?post=2668"},{"taxonomy":"product_cat","embeddable":true,"href":"https:\/\/westgem.shop\/fr\/wp-json\/wp\/v2\/product_cat?post=2668"},{"taxonomy":"product_tag","embeddable":true,"href":"https:\/\/westgem.shop\/fr\/wp-json\/wp\/v2\/product_tag?post=2668"}],"curies":[{"name":"wp","href":"https:\/\/api.w.org\/{rel}","templated":true}]}}