{"id":2669,"date":"2001-09-22T00:00:00","date_gmt":"2001-09-22T00:00:00","guid":{"rendered":"https:\/\/miners.rocks\/product\/topraritaet-bleiberger-wulfenit-xx\/"},"modified":"2020-05-19T17:00:43","modified_gmt":"2020-05-19T17:00:43","slug":"topraritaet-bleiberger-wulfenit-xx","status":"publish","type":"product","link":"https:\/\/westgem.shop\/fr\/produit\/topraritaet-bleiberger-wulfenit-xx\/","title":{"rendered":"TOPRARIT\u00c4T - BLEIBERGER WULFENIT xx"},"content":{"rendered":"<p>BLEIBERGER WULFENITE - tr\u00e8s recherch\u00e9 dans les cercles de collectionneurs - malheureusement peu disponible.<\/p>\n<p>BLEIBERG\/KREUTH est la TYPLOCALIT\u00c9 pour WULFENIT = GELBLEIERZ<\/p>\n<p>Trouv\u00e9 et d\u00e9crit pour la premi\u00e8re fois en 1785 par le naturaliste Franz Xaver Freiherr von WULFEN , dans les mines de BLEI et ZINK \u00e0 BLEIBERG\/KREUTH.<\/p>\n<p>Il n'y a vraiment plus de BLEIBERGER WULFENITE en vente libre et si oui, \u00e0 des \"prix lunaires\".<\/p>\n<p>Nous en avons quelques-unes disponibles dans d'anciennes collections - cette pi\u00e8ce -.<\/p>\n<p>poids : 830 g .dimensions : 15 x 9 x 9 cm<\/p>","protected":false},"excerpt":{"rendered":"<p>BLEIBERGER WULFENITE - tr\u00e8s recherch\u00e9e dans les cercles de collectionneurs - malheureusement peu disponible. BLEIBERG\/KREUTH est la TYPLOCALIT\u00c9 de la WULFENITE = GELBBLEIERZ D\u00e9couverte et d\u00e9crite pour la premi\u00e8re fois en 1785 par le naturaliste Franz Xaver Freiherr von WULFEN , dans les mines de BLEI et ZINK \u00e0 BLEIBERG\/KREUTH. Il n'y a vraiment plus de WULFENITE DE BLEIBERGER en vente libre, et si [...]<\/p>","protected":false},"featured_media":4065,"template":"","meta":{"_acf_changed":false},"region":[],"product_brand":[],"product_cat":[15],"product_tag":[],"class_list":{"0":"post-2669","1":"product","2":"type-product","3":"status-publish","4":"has-post-thumbnail","6":"product_cat-mineralien","8":"first","9":"outofstock","10":"sold-individually","11":"product-type-simple"},"acf":[],"_links":{"self":[{"href":"https:\/\/westgem.shop\/fr\/wp-json\/wp\/v2\/product\/2669","targetHints":{"allow":["GET"]}}],"collection":[{"href":"https:\/\/westgem.shop\/fr\/wp-json\/wp\/v2\/product"}],"about":[{"href":"https:\/\/westgem.shop\/fr\/wp-json\/wp\/v2\/types\/product"}],"wp:featuredmedia":[{"embeddable":true,"href":"https:\/\/westgem.shop\/fr\/wp-json\/wp\/v2\/media\/4065"}],"wp:attachment":[{"href":"https:\/\/westgem.shop\/fr\/wp-json\/wp\/v2\/media?parent=2669"}],"wp:term":[{"taxonomy":"region","embeddable":true,"href":"https:\/\/westgem.shop\/fr\/wp-json\/wp\/v2\/region?post=2669"},{"taxonomy":"product_brand","embeddable":true,"href":"https:\/\/westgem.shop\/fr\/wp-json\/wp\/v2\/product_brand?post=2669"},{"taxonomy":"product_cat","embeddable":true,"href":"https:\/\/westgem.shop\/fr\/wp-json\/wp\/v2\/product_cat?post=2669"},{"taxonomy":"product_tag","embeddable":true,"href":"https:\/\/westgem.shop\/fr\/wp-json\/wp\/v2\/product_tag?post=2669"}],"curies":[{"name":"wp","href":"https:\/\/api.w.org\/{rel}","templated":true}]}}