{"id":2670,"date":"2001-09-23T00:00:00","date_gmt":"2001-09-23T00:00:00","guid":{"rendered":"https:\/\/miners.rocks\/product\/gelber-fluorit-xx-3\/"},"modified":"2020-05-19T17:00:44","modified_gmt":"2020-05-19T17:00:44","slug":"fluorite-jaune-xx-3","status":"publish","type":"product","link":"https:\/\/westgem.shop\/fr\/produit\/fluorite-jaune-xx-3\/","title":{"rendered":"FLUORITE JAUNE xx"},"content":{"rendered":"<p>Les couleurs BLEU ou JAUNE ne sont que tr\u00e8s rarement pr\u00e9sentes dans le min\u00e9ral FLUORITE.<\/p>\n<p>Ce beau petit niveau du bassin minier d'AOULI dans l'ANTI ATLAS -<\/p>\n<p>NORD AFRIKA est serti d'un cristal FLUORITE cubique parfait. Plusieurs petites FLUORITES jaunes sont \u00e9galement pr\u00e9sentes.<\/p>\n<p>Poids : 110 g Dimensions : 7 x 4 x 3 cm<\/p>","protected":false},"excerpt":{"rendered":"<p>Les couleurs BLEU et JAUNE sont tr\u00e8s rares chez le min\u00e9ral FLUORITE. Ce beau petit niveau provenant du bassin minier d'AOULI en ANTI ATLAS - AFRIQUE DU NORD est serti d'un cristal de FLUORITE cubique parfait. Plusieurs petites FLUORITES jaunes sont \u00e9galement pr\u00e9sentes. Poids : 110 g Dimensions : 7 x 4 x 3 cm<\/p>","protected":false},"featured_media":4069,"template":"","meta":{"_acf_changed":false},"region":[],"product_brand":[],"product_cat":[15],"product_tag":[],"class_list":{"0":"post-2670","1":"product","2":"type-product","3":"status-publish","4":"has-post-thumbnail","6":"product_cat-mineralien","8":"first","9":"outofstock","10":"sold-individually","11":"product-type-simple"},"acf":[],"_links":{"self":[{"href":"https:\/\/westgem.shop\/fr\/wp-json\/wp\/v2\/product\/2670","targetHints":{"allow":["GET"]}}],"collection":[{"href":"https:\/\/westgem.shop\/fr\/wp-json\/wp\/v2\/product"}],"about":[{"href":"https:\/\/westgem.shop\/fr\/wp-json\/wp\/v2\/types\/product"}],"wp:featuredmedia":[{"embeddable":true,"href":"https:\/\/westgem.shop\/fr\/wp-json\/wp\/v2\/media\/4069"}],"wp:attachment":[{"href":"https:\/\/westgem.shop\/fr\/wp-json\/wp\/v2\/media?parent=2670"}],"wp:term":[{"taxonomy":"region","embeddable":true,"href":"https:\/\/westgem.shop\/fr\/wp-json\/wp\/v2\/region?post=2670"},{"taxonomy":"product_brand","embeddable":true,"href":"https:\/\/westgem.shop\/fr\/wp-json\/wp\/v2\/product_brand?post=2670"},{"taxonomy":"product_cat","embeddable":true,"href":"https:\/\/westgem.shop\/fr\/wp-json\/wp\/v2\/product_cat?post=2670"},{"taxonomy":"product_tag","embeddable":true,"href":"https:\/\/westgem.shop\/fr\/wp-json\/wp\/v2\/product_tag?post=2670"}],"curies":[{"name":"wp","href":"https:\/\/api.w.org\/{rel}","templated":true}]}}