{"id":2671,"date":"2001-09-24T00:00:00","date_gmt":"2001-09-24T00:00:00","guid":{"rendered":"https:\/\/miners.rocks\/product\/boulder-opal-australien\/"},"modified":"2020-05-19T17:00:44","modified_gmt":"2020-05-19T17:00:44","slug":"opale-de-boulder-australie","status":"publish","type":"product","link":"https:\/\/westgem.shop\/fr\/produit\/opale-de-boulder-australie\/","title":{"rendered":"BOULDER OPAL - Australie"},"content":{"rendered":"<p>BOULDER OPAL ROHSTEIN de l'OPALFELDER \u00e0<\/p>\n<p>QUEENSLAND - Australie.<\/p>\n<p>Veines d'OPAL bleu-blanc \u00e0 tr\u00e8s bleu dans une PIERRE BRUTE BOULANTE. Dans la moiti\u00e9 droite, on voit quelques \"GREEN SPOTS\" de CRISTAL EDELOPAL scintillant, dans la roche m\u00e8re.<\/p>\n<p>Poids de la pi\u00e8ce : 350 g Dimensions : 11 x 7 x 4 cm<\/p>","protected":false},"excerpt":{"rendered":"<p>PIERRE BRUTE BOULDER OPAL des CHAMPS D'OPAL au QUEENSLAND - Australie. Veines d'OPAL bleu-blanc \u00e0 tr\u00e8s bleu dans une PIERRE BRUTE BOULDER. Dans la moiti\u00e9 droite, on voit quelques \"GREEN SPOTS\" de CRISTAL EDELOPAL scintillant, dans la roche m\u00e8re. Poids de la pi\u00e8ce : 350 g Dimensions : 11 x 7 x 4 cm<\/p>","protected":false},"featured_media":4073,"template":"","meta":{"_acf_changed":false},"region":[],"product_brand":[],"product_cat":[15],"product_tag":[],"class_list":{"0":"post-2671","1":"product","2":"type-product","3":"status-publish","4":"has-post-thumbnail","6":"product_cat-mineralien","8":"first","9":"outofstock","10":"sold-individually","11":"product-type-simple"},"acf":[],"_links":{"self":[{"href":"https:\/\/westgem.shop\/fr\/wp-json\/wp\/v2\/product\/2671","targetHints":{"allow":["GET"]}}],"collection":[{"href":"https:\/\/westgem.shop\/fr\/wp-json\/wp\/v2\/product"}],"about":[{"href":"https:\/\/westgem.shop\/fr\/wp-json\/wp\/v2\/types\/product"}],"wp:featuredmedia":[{"embeddable":true,"href":"https:\/\/westgem.shop\/fr\/wp-json\/wp\/v2\/media\/4073"}],"wp:attachment":[{"href":"https:\/\/westgem.shop\/fr\/wp-json\/wp\/v2\/media?parent=2671"}],"wp:term":[{"taxonomy":"region","embeddable":true,"href":"https:\/\/westgem.shop\/fr\/wp-json\/wp\/v2\/region?post=2671"},{"taxonomy":"product_brand","embeddable":true,"href":"https:\/\/westgem.shop\/fr\/wp-json\/wp\/v2\/product_brand?post=2671"},{"taxonomy":"product_cat","embeddable":true,"href":"https:\/\/westgem.shop\/fr\/wp-json\/wp\/v2\/product_cat?post=2671"},{"taxonomy":"product_tag","embeddable":true,"href":"https:\/\/westgem.shop\/fr\/wp-json\/wp\/v2\/product_tag?post=2671"}],"curies":[{"name":"wp","href":"https:\/\/api.w.org\/{rel}","templated":true}]}}