{"id":2673,"date":"2001-09-26T00:00:00","date_gmt":"2001-09-26T00:00:00","guid":{"rendered":"https:\/\/miners.rocks\/product\/cracy-lace-calcit-mexiko\/"},"modified":"2020-05-19T17:00:45","modified_gmt":"2020-05-19T17:00:45","slug":"cracy-lace-calcit-mexico","status":"publish","type":"product","link":"https:\/\/westgem.shop\/fr\/produit\/cracy-lace-calcit-mexico\/","title":{"rendered":"\"CRACY LACE\" CALCIT - Mexique"},"content":{"rendered":"<p>\"CRACY LACE\" CALCIT avec des dessins attrayants - semblable au CRACY LACE ACHAT de LAGUNAS - mais pas ACHAT mais CALCIT, bien que visuellement presque impossible \u00e0 distinguer.<\/p>\n<p>Le lieu de d\u00e9couverte est DURANGO au Mexique.<\/p>\n<p>Poids : 250 g Dimensions : 10 x 6 x 4 cm<\/p>\n<p>La pi\u00e8ce est coup\u00e9e sur 2 c\u00f4t\u00e9s mais pas polie.<\/p>","protected":false},"excerpt":{"rendered":"<p>\"CRACY LACE\" CALCITE avec des dessins attractifs - semblable au CRACY LACE ACHAT de LAGUNAS - mais pas ACHAT mais CALCITE, bien que visuellement presque impossible \u00e0 distinguer. Le lieu de d\u00e9couverte est DURANGO au Mexique Poids : 250 g Dimensions : 10 x 6 x 4 cm La pi\u00e8ce est coup\u00e9e sur 2 c\u00f4t\u00e9s mais pas polie.<\/p>","protected":false},"featured_media":4080,"template":"","meta":{"_acf_changed":false},"region":[],"product_brand":[],"product_cat":[15],"product_tag":[],"class_list":{"0":"post-2673","1":"product","2":"type-product","3":"status-publish","4":"has-post-thumbnail","6":"product_cat-mineralien","8":"first","9":"outofstock","10":"sold-individually","11":"product-type-simple"},"acf":[],"_links":{"self":[{"href":"https:\/\/westgem.shop\/fr\/wp-json\/wp\/v2\/product\/2673","targetHints":{"allow":["GET"]}}],"collection":[{"href":"https:\/\/westgem.shop\/fr\/wp-json\/wp\/v2\/product"}],"about":[{"href":"https:\/\/westgem.shop\/fr\/wp-json\/wp\/v2\/types\/product"}],"wp:featuredmedia":[{"embeddable":true,"href":"https:\/\/westgem.shop\/fr\/wp-json\/wp\/v2\/media\/4080"}],"wp:attachment":[{"href":"https:\/\/westgem.shop\/fr\/wp-json\/wp\/v2\/media?parent=2673"}],"wp:term":[{"taxonomy":"region","embeddable":true,"href":"https:\/\/westgem.shop\/fr\/wp-json\/wp\/v2\/region?post=2673"},{"taxonomy":"product_brand","embeddable":true,"href":"https:\/\/westgem.shop\/fr\/wp-json\/wp\/v2\/product_brand?post=2673"},{"taxonomy":"product_cat","embeddable":true,"href":"https:\/\/westgem.shop\/fr\/wp-json\/wp\/v2\/product_cat?post=2673"},{"taxonomy":"product_tag","embeddable":true,"href":"https:\/\/westgem.shop\/fr\/wp-json\/wp\/v2\/product_tag?post=2673"}],"curies":[{"name":"wp","href":"https:\/\/api.w.org\/{rel}","templated":true}]}}