{"id":2676,"date":"2001-09-29T00:00:00","date_gmt":"2001-09-29T00:00:00","guid":{"rendered":"https:\/\/miners.rocks\/product\/regenbogen-fluorit-argentinien-2\/"},"modified":"2020-05-19T17:00:47","modified_gmt":"2020-05-19T17:00:47","slug":"fluorite-arc-en-ciel-argentine-2","status":"publish","type":"product","link":"https:\/\/westgem.shop\/fr\/produit\/fluorite-arc-en-ciel-argentine-2\/","title":{"rendered":"Arc-en-ciel FLUORITE - ARGENTINE"},"content":{"rendered":"<p>Pi\u00e8ce brute \" arc-en-ciel \" FLUORITE avec les COULEURS JAUNES rares pour la FLUORITE.<\/p>\n<p>Ces derni\u00e8res ann\u00e9es, il n'y a plus que tr\u00e8s peu, voire plus du tout, de ces beaux produits abrasifs qui traversent l'Atlantique pour arriver en Europe.<\/p>\n<p>Couleur de base jaune avec des rayures bleues, violettes et vertes .<\/p>\n<p>Le FLUORIT a \u00e9t\u00e9 photographi\u00e9 avec un \u00e9clairage de fond.<\/p>\n<p>Mine de Pan de Azucar - Rinconada - ARGENTINE.<\/p>\n<p>Poids de la pi\u00e8ce : 80 g Dimensions : 6 x 5 x 1,5 cm<\/p>","protected":false},"excerpt":{"rendered":"<p>Ebauche \"Arc-en-ciel\" FLUORITE avec les rares couleurs JAUNES pour la FLUORITE. Ces derni\u00e8res ann\u00e9es, il n'y a plus que tr\u00e8s peu, voire plus du tout, de cette belle mati\u00e8re \u00e0 tailler qui traverse l'Atlantique pour arriver en Europe. Couleur de base jaune avec des rayures bleues, violettes et vertes . La FLUORITE a \u00e9t\u00e9 photographi\u00e9e avec un \u00e9clairage de fond. Mine de Pan de Azucar - Rinconada - ARGENTINE. Poids [...]<\/p>","protected":false},"featured_media":4090,"template":"","meta":{"_acf_changed":false},"region":[],"product_brand":[],"product_cat":[15],"product_tag":[],"class_list":{"0":"post-2676","1":"product","2":"type-product","3":"status-publish","4":"has-post-thumbnail","6":"product_cat-mineralien","8":"first","9":"outofstock","10":"sold-individually","11":"product-type-simple"},"acf":[],"_links":{"self":[{"href":"https:\/\/westgem.shop\/fr\/wp-json\/wp\/v2\/product\/2676","targetHints":{"allow":["GET"]}}],"collection":[{"href":"https:\/\/westgem.shop\/fr\/wp-json\/wp\/v2\/product"}],"about":[{"href":"https:\/\/westgem.shop\/fr\/wp-json\/wp\/v2\/types\/product"}],"wp:featuredmedia":[{"embeddable":true,"href":"https:\/\/westgem.shop\/fr\/wp-json\/wp\/v2\/media\/4090"}],"wp:attachment":[{"href":"https:\/\/westgem.shop\/fr\/wp-json\/wp\/v2\/media?parent=2676"}],"wp:term":[{"taxonomy":"region","embeddable":true,"href":"https:\/\/westgem.shop\/fr\/wp-json\/wp\/v2\/region?post=2676"},{"taxonomy":"product_brand","embeddable":true,"href":"https:\/\/westgem.shop\/fr\/wp-json\/wp\/v2\/product_brand?post=2676"},{"taxonomy":"product_cat","embeddable":true,"href":"https:\/\/westgem.shop\/fr\/wp-json\/wp\/v2\/product_cat?post=2676"},{"taxonomy":"product_tag","embeddable":true,"href":"https:\/\/westgem.shop\/fr\/wp-json\/wp\/v2\/product_tag?post=2676"}],"curies":[{"name":"wp","href":"https:\/\/api.w.org\/{rel}","templated":true}]}}